{"id":216,"date":"2023-05-24T20:09:07","date_gmt":"2023-05-24T13:09:07","guid":{"rendered":"https:\/\/demo.7host.vn\/mylife\/?page_id=216"},"modified":"2023-05-24T21:05:30","modified_gmt":"2023-05-24T14:05:30","slug":"cong-trinh-thi-cong-xay-dung","status":"publish","type":"page","link":"https:\/\/demo.7host.vn\/mylife\/cong-trinh-thi-cong-xay-dung\/","title":{"rendered":"C\u00f4ng tr\u00ecnh thi c\u00f4ng x\u00e2y d\u1ef1ng"},"content":{"rendered":"\n\t<section class=\"section\" id=\"section_1929445111\">\n\t\t<div class=\"bg section-bg fill bg-fill  \" >\n\n\t\t\t\n\t\t\t\n\t\t\t\n\n\t\t<\/div>\n\n\t\t\n\t<div class=\"ux-shape-divider ux-shape-divider--bottom ux-shape-divider--style-waves-opacity-2\">\n\t\t<svg viewBox=\"0 0 1000 300\" xmlns=\"http:\/\/www.w3.org\/2000\/svg\" preserveAspectRatio=\"none\">\n  <path class=\"ux-shape-fill\" opacity=\"0.15\" d=\"M0 299L-2 19.9998C153 -16.0002 308 155 413 184C515.64 212.35 562 152 645 153C725 154 787 206 874 233C939.54 253.34 975 248 1000 244.61V299H0Z\"\/>\n  <path class=\"ux-shape-fill\" opacity=\"0.3\" d=\"M0 300L-2 34C155 -9.00003 300 178 403 212C504.11 245.38 562 165 645 166C725 167 790.09 220.07 874 253C939.21 278.59 978.07 269.72 1000 263.61V300H0Z\"\/>\n  <path class=\"ux-shape-fill\" d=\"M0 300L-1 69.7099C216 56.9999 299.47 198.86 403 226C506 253 577 196 660 197C740 198 790.09 234.07 874 267C935.23 291 982 282.61 1000 277.61V300H0Z\"\/>\n<\/svg>\n\t<\/div>\n\n\t\t<div class=\"section-content relative\">\n\t\t\t\n\n<div class=\"row\"  id=\"row-2109909610\">\n\n\n\t<div id=\"col-371538610\" class=\"col small-12 large-12\"  data-animate=\"blurIn\">\n\t\t\t\t<div class=\"col-inner\"  >\n\t\t\t\n\t\t\t\n\n\t<div id=\"text-3776839136\" class=\"text svh-page-title\">\n\t\t\n\n<h1>Thi c\u00f4ng x\u00e2y d\u1ef1ng<\/h1>\n\t\t\t<\/div>\n\t\n\n\t\t<\/div>\n\t\t\t\t\n<style>\n#col-371538610 > .col-inner {\n  padding: 50px 0px 0px 0px;\n}\n<\/style>\n\t<\/div>\n\n\t\n\n<\/div>\n\n\t\t<\/div>\n\n\t\t\n<style>\n#section_1929445111 {\n  padding-top: 30px;\n  padding-bottom: 30px;\n  min-height: 450px;\n}\n#section_1929445111 .section-bg.bg-loaded {\n  background-image: url(https:\/\/demo.7host.vn\/mylife\/wp-content\/uploads\/2023\/05\/architecture-featured-banner.jpg);\n}\n#section_1929445111 .ux-shape-divider--bottom svg {\n  height: 150px;\n  --divider-width: 100%;\n}\n<\/style>\n\t<\/section>\n\t\n\t<section class=\"section\" id=\"section_1264067125\">\n\t\t<div class=\"bg section-bg fill bg-fill  bg-loaded\" >\n\n\t\t\t\n\t\t\t\n\t\t\t\n\n\t\t<\/div>\n\n\t\t\n\n\t\t<div class=\"section-content relative\">\n\t\t\t\n\n<div class=\"row\"  id=\"row-17977336\">\n\n\n\t<div id=\"col-1713882955\" class=\"col small-12 large-12\"  >\n\t\t\t\t<div class=\"col-inner\"  >\n\t\t\t\n\t\t\t\n\n\t<div id=\"text-2698390689\" class=\"text svh-content\">\n\t\t\n\n<ul>\n<li>\u00a0\u0110\u1ed1i v\u1edbi c\u00e1c d\u1ef1 \u00e1n x\u00e2y d\u1ef1ng, ch\u1ec9 m\u1ed9t sai s\u00f3t nh\u1ecf c\u0169ng c\u00f3 th\u1ec3 g\u00e2y \u1ea3nh h\u01b0\u1edfng nghi\u00eam tr\u1ecdng \u0111\u1ebfn k\u1ebft c\u1ea5u, tu\u1ed5i th\u1ecd v\u00e0 c\u00f4ng n\u0103ng c\u1ee7a c\u00f4ng tr\u00ecnh. Do \u0111\u00f3, vi\u1ec7c gi\u00e1m s\u00e1t \u2013 thi c\u00f4ng x\u00e2y d\u1ef1ng kh\u00f4ng ch\u1ec9 \u0111\u00f2i h\u1ecfi kinh nghi\u1ec7m nhi\u1ec1u n\u0103m trong ngh\u1ec1 m\u00e0 c\u00f2n y\u00eau c\u1ea7u c\u1ea3 s\u1ef1 hi\u1ec3u bi\u1ebft, c\u1eadp nh\u1eadt li\u00ean t\u1ee5c v\u1ec1 nh\u1eefng k\u1ef9 thu\u1eadt, c\u00f4ng ngh\u1ec7 m\u1edbi nh\u1ea5t c\u1ee7a th\u1ebf gi\u1edbi.<\/li>\n<li>V\u1edbi v\u1ed1n kinh nghi\u1ec7m th\u1ef1c hi\u1ec7n nhi\u1ec1u c\u00f4ng tr\u00ecnh l\u1edbn, MyLife n\u1eafm r\u00f5 chuy\u00ean m\u00f4n v\u1ec1 x\u00e2y d\u1ef1ng c\u0169ng nh\u01b0 qu\u1ea3n l\u00fd nh\u00e2n s\u1ef1 k\u1ef9 thu\u1eadt, c\u00f9ng v\u1edbi s\u1ef1 h\u1ed7 tr\u1ee3 c\u1ee7a c\u00e1c c\u00f4ng c\u1ee5 qu\u1ea3n l\u00fd ch\u1ea5t l\u01b0\u1ee3ng, do \u0111\u00f3 ch\u00fang t\u00f4i \u0111\u1ea3m b\u1ea3o th\u1ef1c hi\u1ec7n t\u1ed1t vi\u1ec7c thi c\u00f4ng c\u00f4ng tr\u00ecnh. Trong m\u1ecdi h\u1ea1ng m\u1ee5c, to\u00e0n b\u1ed9 nh\u00e2n s\u1ef1 c\u1ee7a MyLife \u0111\u1ec1u th\u1ec3 hi\u1ec7n s\u1ef1 c\u1ea9n tr\u1ecdng trong t\u1eebng quy tr\u00ecnh nh\u1ecf nh\u1ea5t \u0111\u1ec3 \u0111\u1ea3m b\u1ea3o ch\u1ea5t l\u01b0\u1ee3ng cao nh\u1ea5t cho t\u1eebng c\u00f4ng tr\u00ecnh, c\u0169ng nh\u01b0 gi\u1eef g\u00ecn ch\u1eef \u201ct\u00edn\u201d v\u1edbi c\u00e1c \u0111\u1ed1i t\u00e1c \u0111\u1ea7u t\u01b0 \u0111\u00e3 tin t\u01b0\u1edfng MyLife.<\/li>\n<\/ul>\n\t\t\n<style>\n#text-2698390689 {\n  text-align: left;\n}\n<\/style>\n\t<\/div>\n\t\n\n\t\t<\/div>\n\t\t\t\t\t<\/div>\n\n\t\n\n<\/div>\n<div class=\"row align-equal\"  id=\"row-121593503\">\n\n\n\t<div id=\"col-1516375617\" class=\"col small-12 large-12\"  >\n\t\t\t\t<div class=\"col-inner\"  >\n\t\t\t\n\t\t\t\n\n<div id=\"portfolio-392811534\" class=\"portfolio-element-wrapper has-filtering\">  <div class=\"container mb-half\">\n  <ul class=\"nav nav-true nav-center nav-divided nav-uppercase filter-nav\">\n    <li class=\"active\"><a href=\"#\" data-filter=\"*\">T\u1ea5t c\u1ea3<\/a><\/li>\n    <li><a href=\"#\" data-filter=\"[data-terms*='&quot;Bi\u1ec7t th\u1ef1&quot;']\">Bi\u1ec7t th\u1ef1<\/a><\/li><li><a href=\"#\" data-filter=\"[data-terms*='&quot;Nh\u00e0 ph\u1ed1&quot;']\">Nh\u00e0 ph\u1ed1<\/a><\/li>  <\/ul>\n  <\/div>\n  \n  \n    <div class=\"row row-isotope large-columns-3 medium-columns- small-columns-2 row-small has-shadow row-box-shadow-1 row-box-shadow-1-hover\" >\n    <div class=\"col\" data-terms=\"[&quot;Nh\u00e0 ph\u1ed1&quot;]\" >\n          <div class=\"col-inner\" >\n          <a href=\"https:\/\/demo.7host.vn\/mylife\/du-an\/nha-pho\/du-an-nha-pho-d33-binh-tri-dong\/\" class=\"plain \">\n          <div class=\"portfolio-box box has-hover box-badge hover-dark\">\n            <div class=\"box-image\" >\n                <div class=\"image-cover\" style=\"padding-top:100%;\">\n                <img loading=\"lazy\" decoding=\"async\" width=\"600\" height=\"451\" src=\"https:\/\/demo.7host.vn\/mylife\/wp-content\/uploads\/2023\/05\/4987984076656a.jpg\" class=\"attachment-original size-original\" alt=\"\" srcset=\"https:\/\/demo.7host.vn\/mylife\/wp-content\/uploads\/2023\/05\/4987984076656a.jpg 600w, https:\/\/demo.7host.vn\/mylife\/wp-content\/uploads\/2023\/05\/4987984076656a-532x400.jpg 532w\" sizes=\"auto, (max-width: 600px) 100vw, 600px\" \/>                                                <\/div>\n            <\/div>\n            <div class=\"box-text text-center\" style=\"background-color:rgb(255, 255, 255);\">\n                  <div class=\"box-text-inner\">\n                      <h6 class=\"uppercase portfolio-box-title\">D\u1ef1 \u00e1n nh\u00e0 ph\u1ed1 D33 \u2013 B\u00ecnh Tr\u1ecb \u0110\u00f4ng<\/h6>\n                      <p class=\"uppercase portfolio-box-category is-xsmall op-6\">\n                        <span class=\"show-on-hover\">\n                         Nh\u00e0 ph\u1ed1                        <\/span>\n                      <\/p>\n                  <\/div>\n            <\/div>\n           <\/div>\n           <\/a>\n           <\/div>\n           <\/div><div class=\"col\" data-terms=\"[&quot;Nh\u00e0 ph\u1ed1&quot;]\" >\n          <div class=\"col-inner\" >\n          <a href=\"https:\/\/demo.7host.vn\/mylife\/du-an\/nha-pho\/du-an-nha-pho-saigon-village-day-d5\/\" class=\"plain \">\n          <div class=\"portfolio-box box has-hover box-badge hover-dark\">\n            <div class=\"box-image\" >\n                <div class=\"image-cover\" style=\"padding-top:100%;\">\n                <img loading=\"lazy\" decoding=\"async\" width=\"450\" height=\"600\" src=\"https:\/\/demo.7host.vn\/mylife\/wp-content\/uploads\/2023\/05\/26042021113038166982218_118022097030091_7261622521344257998_n.jpg\" class=\"attachment-original size-original\" alt=\"\" srcset=\"https:\/\/demo.7host.vn\/mylife\/wp-content\/uploads\/2023\/05\/26042021113038166982218_118022097030091_7261622521344257998_n.jpg 450w, https:\/\/demo.7host.vn\/mylife\/wp-content\/uploads\/2023\/05\/26042021113038166982218_118022097030091_7261622521344257998_n-300x400.jpg 300w\" sizes=\"auto, (max-width: 450px) 100vw, 450px\" \/>                                                <\/div>\n            <\/div>\n            <div class=\"box-text text-center\" style=\"background-color:rgb(255, 255, 255);\">\n                  <div class=\"box-text-inner\">\n                      <h6 class=\"uppercase portfolio-box-title\">D\u1ef0 \u00c1N NH\u00c0 PH\u1ed0 SAIGON VILLAGE D\u00c3Y D5<\/h6>\n                      <p class=\"uppercase portfolio-box-category is-xsmall op-6\">\n                        <span class=\"show-on-hover\">\n                         Nh\u00e0 ph\u1ed1                        <\/span>\n                      <\/p>\n                  <\/div>\n            <\/div>\n           <\/div>\n           <\/a>\n           <\/div>\n           <\/div><div class=\"col\" data-terms=\"[&quot;Nh\u00e0 ph\u1ed1&quot;]\" >\n          <div class=\"col-inner\" >\n          <a href=\"https:\/\/demo.7host.vn\/mylife\/du-an\/nha-pho\/du-an-nha-pho-kdc-hai-thanh-tan-tao-a\/\" class=\"plain \">\n          <div class=\"portfolio-box box has-hover box-badge hover-dark\">\n            <div class=\"box-image\" >\n                <div class=\"image-cover\" style=\"padding-top:100%;\">\n                <img loading=\"lazy\" decoding=\"async\" width=\"960\" height=\"1280\" src=\"https:\/\/demo.7host.vn\/mylife\/wp-content\/uploads\/2023\/05\/27042021084211166764086_117924160373218_984669685379679783_n.jpg\" class=\"attachment-original size-original\" alt=\"\" srcset=\"https:\/\/demo.7host.vn\/mylife\/wp-content\/uploads\/2023\/05\/27042021084211166764086_117924160373218_984669685379679783_n.jpg 960w, https:\/\/demo.7host.vn\/mylife\/wp-content\/uploads\/2023\/05\/27042021084211166764086_117924160373218_984669685379679783_n-300x400.jpg 300w, https:\/\/demo.7host.vn\/mylife\/wp-content\/uploads\/2023\/05\/27042021084211166764086_117924160373218_984669685379679783_n-600x800.jpg 600w, https:\/\/demo.7host.vn\/mylife\/wp-content\/uploads\/2023\/05\/27042021084211166764086_117924160373218_984669685379679783_n-768x1024.jpg 768w\" sizes=\"auto, (max-width: 960px) 100vw, 960px\" \/>                                                <\/div>\n            <\/div>\n            <div class=\"box-text text-center\" style=\"background-color:rgb(255, 255, 255);\">\n                  <div class=\"box-text-inner\">\n                      <h6 class=\"uppercase portfolio-box-title\">D\u1ef0 \u00c1N NH\u00c0 PH\u1ed0 KDC HAI TH\u00c0NH (T\u00c2N T\u1ea0O A)<\/h6>\n                      <p class=\"uppercase portfolio-box-category is-xsmall op-6\">\n                        <span class=\"show-on-hover\">\n                         Nh\u00e0 ph\u1ed1                        <\/span>\n                      <\/p>\n                  <\/div>\n            <\/div>\n           <\/div>\n           <\/a>\n           <\/div>\n           <\/div><div class=\"col\" data-terms=\"[&quot;Nh\u00e0 ph\u1ed1&quot;]\" >\n          <div class=\"col-inner\" >\n          <a href=\"https:\/\/demo.7host.vn\/mylife\/du-an\/nha-pho\/du-an-nha-pho-day-c09-tan-tao\/\" class=\"plain \">\n          <div class=\"portfolio-box box has-hover box-badge hover-dark\">\n            <div class=\"box-image\" >\n                <div class=\"image-cover\" style=\"padding-top:100%;\">\n                <img loading=\"lazy\" decoding=\"async\" width=\"1440\" height=\"1920\" src=\"https:\/\/demo.7host.vn\/mylife\/wp-content\/uploads\/2023\/05\/1.jpg\" class=\"attachment-original size-original\" alt=\"\" srcset=\"https:\/\/demo.7host.vn\/mylife\/wp-content\/uploads\/2023\/05\/1.jpg 1440w, https:\/\/demo.7host.vn\/mylife\/wp-content\/uploads\/2023\/05\/1-300x400.jpg 300w, https:\/\/demo.7host.vn\/mylife\/wp-content\/uploads\/2023\/05\/1-600x800.jpg 600w, https:\/\/demo.7host.vn\/mylife\/wp-content\/uploads\/2023\/05\/1-768x1024.jpg 768w, https:\/\/demo.7host.vn\/mylife\/wp-content\/uploads\/2023\/05\/1-1152x1536.jpg 1152w\" sizes=\"auto, (max-width: 1440px) 100vw, 1440px\" \/>                                                <\/div>\n            <\/div>\n            <div class=\"box-text text-center\" style=\"background-color:rgb(255, 255, 255);\">\n                  <div class=\"box-text-inner\">\n                      <h6 class=\"uppercase portfolio-box-title\">D\u1ef0 \u00c1N NH\u00c0 PH\u1ed0 D\u00c3Y C09 &#8211; T\u00c2N T\u1ea0O<\/h6>\n                      <p class=\"uppercase portfolio-box-category is-xsmall op-6\">\n                        <span class=\"show-on-hover\">\n                         Nh\u00e0 ph\u1ed1                        <\/span>\n                      <\/p>\n                  <\/div>\n            <\/div>\n           <\/div>\n           <\/a>\n           <\/div>\n           <\/div><div class=\"col\" data-terms=\"[&quot;Bi\u1ec7t th\u1ef1&quot;]\" >\n          <div class=\"col-inner\" >\n          <a href=\"https:\/\/demo.7host.vn\/mylife\/du-an\/biet-thu\/du-an-biet-thu-kdc-phu-loi-day-a15\/\" class=\"plain \">\n          <div class=\"portfolio-box box has-hover box-badge hover-dark\">\n            <div class=\"box-image\" >\n                <div class=\"image-cover\" style=\"padding-top:100%;\">\n                <img loading=\"lazy\" decoding=\"async\" width=\"725\" height=\"1216\" src=\"https:\/\/demo.7host.vn\/mylife\/wp-content\/uploads\/2023\/05\/1-1.jpg\" class=\"attachment-original size-original\" alt=\"\" srcset=\"https:\/\/demo.7host.vn\/mylife\/wp-content\/uploads\/2023\/05\/1-1.jpg 725w, https:\/\/demo.7host.vn\/mylife\/wp-content\/uploads\/2023\/05\/1-1-238x400.jpg 238w, https:\/\/demo.7host.vn\/mylife\/wp-content\/uploads\/2023\/05\/1-1-477x800.jpg 477w\" sizes=\"auto, (max-width: 725px) 100vw, 725px\" \/>                                                <\/div>\n            <\/div>\n            <div class=\"box-text text-center\" style=\"background-color:rgb(255, 255, 255);\">\n                  <div class=\"box-text-inner\">\n                      <h6 class=\"uppercase portfolio-box-title\">D\u1ef0 \u00c1N BI\u1ec6T TH\u1ef0 KDC PH\u00da L\u1ee2I D\u00c3Y A15<\/h6>\n                      <p class=\"uppercase portfolio-box-category is-xsmall op-6\">\n                        <span class=\"show-on-hover\">\n                         Bi\u1ec7t th\u1ef1                        <\/span>\n                      <\/p>\n                  <\/div>\n            <\/div>\n           <\/div>\n           <\/a>\n           <\/div>\n           <\/div><div class=\"col\" data-terms=\"[&quot;Nh\u00e0 ph\u1ed1&quot;]\" >\n          <div class=\"col-inner\" >\n          <a href=\"https:\/\/demo.7host.vn\/mylife\/du-an\/nha-pho\/du-an-nha-pho-day-c09-tan-tao-2\/\" class=\"plain \">\n          <div class=\"portfolio-box box has-hover box-badge hover-dark\">\n            <div class=\"box-image\" >\n                <div class=\"image-cover\" style=\"padding-top:100%;\">\n                <img loading=\"lazy\" decoding=\"async\" width=\"600\" height=\"927\" src=\"https:\/\/demo.7host.vn\/mylife\/wp-content\/uploads\/2023\/05\/31122021102329291.jpg\" class=\"attachment-original size-original\" alt=\"\" srcset=\"https:\/\/demo.7host.vn\/mylife\/wp-content\/uploads\/2023\/05\/31122021102329291.jpg 600w, https:\/\/demo.7host.vn\/mylife\/wp-content\/uploads\/2023\/05\/31122021102329291-259x400.jpg 259w, https:\/\/demo.7host.vn\/mylife\/wp-content\/uploads\/2023\/05\/31122021102329291-518x800.jpg 518w\" sizes=\"auto, (max-width: 600px) 100vw, 600px\" \/>                                                <\/div>\n            <\/div>\n            <div class=\"box-text text-center\" style=\"background-color:rgb(255, 255, 255);\">\n                  <div class=\"box-text-inner\">\n                      <h6 class=\"uppercase portfolio-box-title\">D\u1ef0 \u00c1N NH\u00c0 PH\u1ed0 D\u00c3Y C09 &#8211; T\u00c2N T\u1ea0O<\/h6>\n                      <p class=\"uppercase portfolio-box-category is-xsmall op-6\">\n                        <span class=\"show-on-hover\">\n                         Nh\u00e0 ph\u1ed1                        <\/span>\n                      <\/p>\n                  <\/div>\n            <\/div>\n           <\/div>\n           <\/a>\n           <\/div>\n           <\/div><div class=\"col\" data-terms=\"[&quot;Nh\u00e0 ph\u1ed1&quot;]\" >\n          <div class=\"col-inner\" >\n          <a href=\"https:\/\/demo.7host.vn\/mylife\/du-an\/nha-pho\/du-an-nha-pho-day-e4-long-hau\/\" class=\"plain \">\n          <div class=\"portfolio-box box has-hover box-badge hover-dark\">\n            <div class=\"box-image\" >\n                <div class=\"image-cover\" style=\"padding-top:100%;\">\n                <img loading=\"lazy\" decoding=\"async\" width=\"900\" height=\"1369\" src=\"https:\/\/demo.7host.vn\/mylife\/wp-content\/uploads\/2023\/05\/15062021023344188192963.jpg\" class=\"attachment-original size-original\" alt=\"\" srcset=\"https:\/\/demo.7host.vn\/mylife\/wp-content\/uploads\/2023\/05\/15062021023344188192963.jpg 900w, https:\/\/demo.7host.vn\/mylife\/wp-content\/uploads\/2023\/05\/15062021023344188192963-263x400.jpg 263w, https:\/\/demo.7host.vn\/mylife\/wp-content\/uploads\/2023\/05\/15062021023344188192963-526x800.jpg 526w, https:\/\/demo.7host.vn\/mylife\/wp-content\/uploads\/2023\/05\/15062021023344188192963-768x1168.jpg 768w\" sizes=\"auto, (max-width: 900px) 100vw, 900px\" \/>                                                <\/div>\n            <\/div>\n            <div class=\"box-text text-center\" style=\"background-color:rgb(255, 255, 255);\">\n                  <div class=\"box-text-inner\">\n                      <h6 class=\"uppercase portfolio-box-title\">D\u1ef0 \u00c1N NH\u00c0 PH\u1ed0 D\u00c3Y E4 &#8211; LONG H\u1eacU<\/h6>\n                      <p class=\"uppercase portfolio-box-category is-xsmall op-6\">\n                        <span class=\"show-on-hover\">\n                         Nh\u00e0 ph\u1ed1                        <\/span>\n                      <\/p>\n                  <\/div>\n            <\/div>\n           <\/div>\n           <\/a>\n           <\/div>\n           <\/div><div class=\"col\" data-terms=\"[&quot;Nh\u00e0 ph\u1ed1&quot;]\" >\n          <div class=\"col-inner\" >\n          <a href=\"https:\/\/demo.7host.vn\/mylife\/du-an\/nha-pho\/du-an-nha-pho-day-a5-phu-loi\/\" class=\"plain \">\n          <div class=\"portfolio-box box has-hover box-badge hover-dark\">\n            <div class=\"box-image\" >\n                <div class=\"image-cover\" style=\"padding-top:100%;\">\n                <img loading=\"lazy\" decoding=\"async\" width=\"1536\" height=\"2048\" src=\"https:\/\/demo.7host.vn\/mylife\/wp-content\/uploads\/2023\/05\/150620210252577622750023449239395_n.jpg\" class=\"attachment-original size-original\" alt=\"\" srcset=\"https:\/\/demo.7host.vn\/mylife\/wp-content\/uploads\/2023\/05\/150620210252577622750023449239395_n.jpg 1536w, https:\/\/demo.7host.vn\/mylife\/wp-content\/uploads\/2023\/05\/150620210252577622750023449239395_n-300x400.jpg 300w, https:\/\/demo.7host.vn\/mylife\/wp-content\/uploads\/2023\/05\/150620210252577622750023449239395_n-600x800.jpg 600w, https:\/\/demo.7host.vn\/mylife\/wp-content\/uploads\/2023\/05\/150620210252577622750023449239395_n-768x1024.jpg 768w, https:\/\/demo.7host.vn\/mylife\/wp-content\/uploads\/2023\/05\/150620210252577622750023449239395_n-1152x1536.jpg 1152w\" sizes=\"auto, (max-width: 1536px) 100vw, 1536px\" \/>                                                <\/div>\n            <\/div>\n            <div class=\"box-text text-center\" style=\"background-color:rgb(255, 255, 255);\">\n                  <div class=\"box-text-inner\">\n                      <h6 class=\"uppercase portfolio-box-title\">D\u1ef0 \u00c1N NH\u00c0 PH\u1ed0 D\u00c3Y A5 &#8211; PH\u00da L\u1ee2I<\/h6>\n                      <p class=\"uppercase portfolio-box-category is-xsmall op-6\">\n                        <span class=\"show-on-hover\">\n                         Nh\u00e0 ph\u1ed1                        <\/span>\n                      <\/p>\n                  <\/div>\n            <\/div>\n           <\/div>\n           <\/a>\n           <\/div>\n           <\/div><\/div><\/div>\n\n\n\t\t<\/div>\n\t\t\t\t\t<\/div>\n\n\t\n\n<\/div>\n\n\t\t<\/div>\n\n\t\t\n<style>\n#section_1264067125 {\n  padding-top: 30px;\n  padding-bottom: 30px;\n}\n<\/style>\n\t<\/section>\n\t\n\n","protected":false},"excerpt":{"rendered":"","protected":false},"author":1,"featured_media":0,"parent":0,"menu_order":0,"comment_status":"closed","ping_status":"closed","template":"page-transparent-header.php","meta":{"footnotes":""},"class_list":["post-216","page","type-page","status-publish","hentry"],"acf":[],"yoast_head":"<!-- This site is optimized with the Yoast SEO plugin v20.8 - https:\/\/yoast.com\/wordpress\/plugins\/seo\/ -->\n<title>C\u00f4ng tr\u00ecnh thi c\u00f4ng x\u00e2y d\u1ef1ng - My Life<\/title>\n<meta name=\"robots\" content=\"noindex, follow, max-snippet:-1, max-image-preview:large, max-video-preview:-1\" \/>\n<meta property=\"og:locale\" content=\"vi_VN\" \/>\n<meta property=\"og:type\" content=\"article\" \/>\n<meta property=\"og:title\" content=\"C\u00f4ng tr\u00ecnh thi c\u00f4ng x\u00e2y d\u1ef1ng - My Life\" \/>\n<meta property=\"og:url\" content=\"https:\/\/demo.7host.vn\/mylife\/cong-trinh-thi-cong-xay-dung\/\" \/>\n<meta property=\"og:site_name\" content=\"My Life\" \/>\n<meta property=\"article:modified_time\" content=\"2023-05-24T14:05:30+00:00\" \/>\n<meta name=\"twitter:card\" content=\"summary_large_image\" \/>\n<script type=\"application\/ld+json\" class=\"yoast-schema-graph\">{\"@context\":\"https:\/\/schema.org\",\"@graph\":[{\"@type\":\"WebPage\",\"@id\":\"https:\/\/demo.7host.vn\/mylife\/cong-trinh-thi-cong-xay-dung\/\",\"url\":\"https:\/\/demo.7host.vn\/mylife\/cong-trinh-thi-cong-xay-dung\/\",\"name\":\"C\u00f4ng tr\u00ecnh thi c\u00f4ng x\u00e2y d\u1ef1ng - My Life\",\"isPartOf\":{\"@id\":\"https:\/\/demo.7host.vn\/mylife\/#website\"},\"datePublished\":\"2023-05-24T13:09:07+00:00\",\"dateModified\":\"2023-05-24T14:05:30+00:00\",\"breadcrumb\":{\"@id\":\"https:\/\/demo.7host.vn\/mylife\/cong-trinh-thi-cong-xay-dung\/#breadcrumb\"},\"inLanguage\":\"vi\",\"potentialAction\":[{\"@type\":\"ReadAction\",\"target\":[\"https:\/\/demo.7host.vn\/mylife\/cong-trinh-thi-cong-xay-dung\/\"]}]},{\"@type\":\"BreadcrumbList\",\"@id\":\"https:\/\/demo.7host.vn\/mylife\/cong-trinh-thi-cong-xay-dung\/#breadcrumb\",\"itemListElement\":[{\"@type\":\"ListItem\",\"position\":1,\"name\":\"Trang ch\u1ee7\",\"item\":\"https:\/\/demo.7host.vn\/mylife\/\"},{\"@type\":\"ListItem\",\"position\":2,\"name\":\"C\u00f4ng tr\u00ecnh thi c\u00f4ng x\u00e2y d\u1ef1ng\"}]},{\"@type\":\"WebSite\",\"@id\":\"https:\/\/demo.7host.vn\/mylife\/#website\",\"url\":\"https:\/\/demo.7host.vn\/mylife\/\",\"name\":\"My Life\",\"description\":\"Thi\u1ebft k\u1ebf thi c\u00f4ng x\u00e2y d\u1ef1ng\",\"potentialAction\":[{\"@type\":\"SearchAction\",\"target\":{\"@type\":\"EntryPoint\",\"urlTemplate\":\"https:\/\/demo.7host.vn\/mylife\/?s={search_term_string}\"},\"query-input\":\"required name=search_term_string\"}],\"inLanguage\":\"vi\"}]}<\/script>\n<!-- \/ Yoast SEO plugin. -->","yoast_head_json":{"title":"C\u00f4ng tr\u00ecnh thi c\u00f4ng x\u00e2y d\u1ef1ng - My Life","robots":{"index":"noindex","follow":"follow","max-snippet":"max-snippet:-1","max-image-preview":"max-image-preview:large","max-video-preview":"max-video-preview:-1"},"og_locale":"vi_VN","og_type":"article","og_title":"C\u00f4ng tr\u00ecnh thi c\u00f4ng x\u00e2y d\u1ef1ng - My Life","og_url":"https:\/\/demo.7host.vn\/mylife\/cong-trinh-thi-cong-xay-dung\/","og_site_name":"My Life","article_modified_time":"2023-05-24T14:05:30+00:00","twitter_card":"summary_large_image","schema":{"@context":"https:\/\/schema.org","@graph":[{"@type":"WebPage","@id":"https:\/\/demo.7host.vn\/mylife\/cong-trinh-thi-cong-xay-dung\/","url":"https:\/\/demo.7host.vn\/mylife\/cong-trinh-thi-cong-xay-dung\/","name":"C\u00f4ng tr\u00ecnh thi c\u00f4ng x\u00e2y d\u1ef1ng - My Life","isPartOf":{"@id":"https:\/\/demo.7host.vn\/mylife\/#website"},"datePublished":"2023-05-24T13:09:07+00:00","dateModified":"2023-05-24T14:05:30+00:00","breadcrumb":{"@id":"https:\/\/demo.7host.vn\/mylife\/cong-trinh-thi-cong-xay-dung\/#breadcrumb"},"inLanguage":"vi","potentialAction":[{"@type":"ReadAction","target":["https:\/\/demo.7host.vn\/mylife\/cong-trinh-thi-cong-xay-dung\/"]}]},{"@type":"BreadcrumbList","@id":"https:\/\/demo.7host.vn\/mylife\/cong-trinh-thi-cong-xay-dung\/#breadcrumb","itemListElement":[{"@type":"ListItem","position":1,"name":"Trang ch\u1ee7","item":"https:\/\/demo.7host.vn\/mylife\/"},{"@type":"ListItem","position":2,"name":"C\u00f4ng tr\u00ecnh thi c\u00f4ng x\u00e2y d\u1ef1ng"}]},{"@type":"WebSite","@id":"https:\/\/demo.7host.vn\/mylife\/#website","url":"https:\/\/demo.7host.vn\/mylife\/","name":"My Life","description":"Thi\u1ebft k\u1ebf thi c\u00f4ng x\u00e2y d\u1ef1ng","potentialAction":[{"@type":"SearchAction","target":{"@type":"EntryPoint","urlTemplate":"https:\/\/demo.7host.vn\/mylife\/?s={search_term_string}"},"query-input":"required name=search_term_string"}],"inLanguage":"vi"}]}},"_links":{"self":[{"href":"https:\/\/demo.7host.vn\/mylife\/wp-json\/wp\/v2\/pages\/216","targetHints":{"allow":["GET"]}}],"collection":[{"href":"https:\/\/demo.7host.vn\/mylife\/wp-json\/wp\/v2\/pages"}],"about":[{"href":"https:\/\/demo.7host.vn\/mylife\/wp-json\/wp\/v2\/types\/page"}],"author":[{"embeddable":true,"href":"https:\/\/demo.7host.vn\/mylife\/wp-json\/wp\/v2\/users\/1"}],"replies":[{"embeddable":true,"href":"https:\/\/demo.7host.vn\/mylife\/wp-json\/wp\/v2\/comments?post=216"}],"version-history":[{"count":8,"href":"https:\/\/demo.7host.vn\/mylife\/wp-json\/wp\/v2\/pages\/216\/revisions"}],"predecessor-version":[{"id":256,"href":"https:\/\/demo.7host.vn\/mylife\/wp-json\/wp\/v2\/pages\/216\/revisions\/256"}],"wp:attachment":[{"href":"https:\/\/demo.7host.vn\/mylife\/wp-json\/wp\/v2\/media?parent=216"}],"curies":[{"name":"wp","href":"https:\/\/api.w.org\/{rel}","templated":true}]}}