{"id":24,"date":"2023-05-20T14:18:55","date_gmt":"2023-05-20T07:18:55","guid":{"rendered":"https:\/\/demo.7host.vn\/mylife\/?page_id=24"},"modified":"2023-05-22T22:38:59","modified_gmt":"2023-05-22T15:38:59","slug":"gioi-thieu","status":"publish","type":"page","link":"https:\/\/demo.7host.vn\/mylife\/gioi-thieu\/","title":{"rendered":"Gi\u1edbi thi\u1ec7u"},"content":{"rendered":"\n\t<section class=\"section\" id=\"section_1335617200\">\n\t\t<div class=\"bg section-bg fill bg-fill  \" >\n\n\t\t\t\n\t\t\t\n\t\t\t\n\n\t\t<\/div>\n\n\t\t\n\t<div class=\"ux-shape-divider ux-shape-divider--bottom ux-shape-divider--style-waves-opacity-2\">\n\t\t<svg viewBox=\"0 0 1000 300\" xmlns=\"http:\/\/www.w3.org\/2000\/svg\" preserveAspectRatio=\"none\">\n  <path class=\"ux-shape-fill\" opacity=\"0.15\" d=\"M0 299L-2 19.9998C153 -16.0002 308 155 413 184C515.64 212.35 562 152 645 153C725 154 787 206 874 233C939.54 253.34 975 248 1000 244.61V299H0Z\"\/>\n  <path class=\"ux-shape-fill\" opacity=\"0.3\" d=\"M0 300L-2 34C155 -9.00003 300 178 403 212C504.11 245.38 562 165 645 166C725 167 790.09 220.07 874 253C939.21 278.59 978.07 269.72 1000 263.61V300H0Z\"\/>\n  <path class=\"ux-shape-fill\" d=\"M0 300L-1 69.7099C216 56.9999 299.47 198.86 403 226C506 253 577 196 660 197C740 198 790.09 234.07 874 267C935.23 291 982 282.61 1000 277.61V300H0Z\"\/>\n<\/svg>\n\t<\/div>\n\n\t\t<div class=\"section-content relative\">\n\t\t\t\n\n<div class=\"row\"  id=\"row-15965845\">\n\n\n\t<div id=\"col-1289575661\" class=\"col small-12 large-12\"  data-animate=\"blurIn\">\n\t\t\t\t<div class=\"col-inner\"  >\n\t\t\t\n\t\t\t\n\n\t<div id=\"text-2825015292\" class=\"text svh-page-title\">\n\t\t\n\n<h1>Gi\u1edbi thi\u1ec7u<\/h1>\n\t\t\t<\/div>\n\t\n\n\t\t<\/div>\n\t\t\t\t\n<style>\n#col-1289575661 > .col-inner {\n  padding: 50px 0px 0px 0px;\n}\n<\/style>\n\t<\/div>\n\n\t\n\n<\/div>\n\n\t\t<\/div>\n\n\t\t\n<style>\n#section_1335617200 {\n  padding-top: 30px;\n  padding-bottom: 30px;\n  min-height: 450px;\n}\n#section_1335617200 .section-bg.bg-loaded {\n  background-image: url(https:\/\/demo.7host.vn\/mylife\/wp-content\/uploads\/2023\/05\/architecture-featured-banner.jpg);\n}\n#section_1335617200 .ux-shape-divider--bottom svg {\n  height: 150px;\n  --divider-width: 100%;\n}\n<\/style>\n\t<\/section>\n\t\n\t<section class=\"section\" id=\"section_1858077058\">\n\t\t<div class=\"bg section-bg fill bg-fill  bg-loaded\" >\n\n\t\t\t\n\t\t\t\n\t\t\t\n\n\t\t<\/div>\n\n\t\t\n\n\t\t<div class=\"section-content relative\">\n\t\t\t\n\n<div class=\"row\"  id=\"row-137166270\">\n\n\n\t<div id=\"col-351020587\" class=\"col medium-5 small-12 large-5\"  data-animate=\"fadeInLeft\">\n\t\t\t\t<div class=\"col-inner\"  >\n\t\t\t\n\t\t\t\n\n\t<div id=\"text-1635173371\" class=\"text svh-content\">\n\t\t\n\n<h2>THI\u1ebeT K\u1ebe THI C\u00d4NG X\u00c2Y D\u1ef0NG<br \/>MY LIFE<\/h2>\n<p><strong>MyLife l\u00e0 \u0111\u01a1n v\u1ecb chuy\u00ean thi c\u00f4ng x\u00e2y d\u1ef1ng nh\u00e0 \u1edf, nh\u00e0 ph\u1ed1, bi\u1ec7t th\u1ef1, cafe gi\u1ea3i tr\u00ed, si\u00eau th\u1ecb, shophouse, nh\u00e0 v\u0103n ph\u00f2ng. Th\u1ebf m\u1ea1nh t\u1ea1o n\u00ean th\u01b0\u01a1ng hi\u1ec7u MyLife n\u1eb1m \u1edf s\u1ef1 kh\u00e1c bi\u1ec7t chuy\u00ean m\u00f4n h\u00f3a trong t\u1eebng b\u1ed9 ph\u1eadn, t\u00ednh tr\u00e1ch nhi\u1ec7m cao \u1edf kh\u00e2u gi\u00e1m s\u00e1t, c\u1ea9n th\u1eadn t\u1ec9 m\u1ec9 nh\u1eb1m t\u1ea1o n\u00ean nh\u1eefng c\u00f4ng tr\u00ecnh ho\u00e0n thi\u1ec7n \u0111\u1ebfn t\u1eebng chi ti\u1ebft nh\u1ecf nh\u1ea5t.<\/strong><\/p>\n<p>Ngo\u00e0i ra, c\u00e1c b\u1ed9 ph\u1eadn th\u01b0\u1eddng xuy\u00ean trao \u0111\u1ed5i c\u00f4ng vi\u1ec7c, \u0111\u00f3ng g\u00f3p nh\u1eefng s\u00e1ng ki\u1ebfn x\u00e2y d\u1ef1ng t\u1ea1o n\u00ean th\u01b0\u01a1ng hi\u1ec7u MyLife n\u0103ng \u0111\u1ed9ng, s\u00e1ng t\u1ea1o, chuy\u00ean nghi\u1ec7p trong t\u1eebng c\u00f4ng tr\u00ecnh ch\u00fang t\u00f4i tham gia. \u0110i\u1ec3n h\u00ecnh c\u00e1c c\u00f4ng tr\u00ecnh thu\u1ed9c c\u00e1c d\u1ef1 \u00e1n MyLife \u0111\u00e3 v\u00e0 \u0111ang thi c\u00f4ng nh\u01b0: KDC T\u00e2n T\u1ea1o, KDC Ph\u00fa L\u1ee3i, KDC B\u00ecnh Tr\u1ecb \u0110\u00f4ng B, Saigon Village, Saigon Riverpark, Hiep Phuoc Harbour View&#8230;<\/p>\n\t\t\t<\/div>\n\t\n\n\t\t<\/div>\n\t\t\t\t\t<\/div>\n\n\t\n\n\t<div id=\"col-210554363\" class=\"col medium-7 small-12 large-7\"  data-animate=\"fadeInRight\">\n\t\t\t\t<div class=\"col-inner\"  >\n\t\t\t\n\t\t\t\n\n\t<div class=\"img has-hover x md-x lg-x y md-y lg-y\" id=\"image_502470100\">\n\t\t\t\t\t\t\t\t<div class=\"img-inner dark\" >\n\t\t\t<img loading=\"lazy\" decoding=\"async\" width=\"600\" height=\"400\" src=\"https:\/\/demo.7host.vn\/mylife\/wp-content\/uploads\/2023\/05\/hoc-thiet-ke-kien-truc-nha-o-dan-dung.jpg\" class=\"attachment-original size-original\" alt=\"\" \/>\t\t\t\t\t\t\n\t\t\t\t\t<\/div>\n\t\t\t\t\t\t\t\t\n<style>\n#image_502470100 {\n  width: 100%;\n}\n<\/style>\n\t<\/div>\n\t\n\n\n\t\t<\/div>\n\t\t\t\t\t<\/div>\n\n\t\n\n\n<style>\n#row-137166270 > .col > .col-inner {\n  padding: 32px 0px 0px 0px;\n}\n<\/style>\n<\/div>\n\n\t\t<\/div>\n\n\t\t\n<style>\n#section_1858077058 {\n  padding-top: 30px;\n  padding-bottom: 30px;\n}\n<\/style>\n\t<\/section>\n\t\n\t<section class=\"section\" id=\"section_806152526\">\n\t\t<div class=\"bg section-bg fill bg-fill  bg-loaded\" >\n\n\t\t\t\n\t\t\t\n\t\t\t\n\n\t\t<\/div>\n\n\t\t\t<div class=\"ux-shape-divider ux-shape-divider--top ux-shape-divider--style-fan\">\n\t\t<svg viewBox=\"0 0 1000 100\" xmlns=\"http:\/\/www.w3.org\/2000\/svg\" preserveAspectRatio=\"none\">\n  <path class=\"ux-shape-fill\" d=\"M500 50L1067.25 102.5H-67.2466L500 50Z\"\/>\n  <path class=\"ux-shape-fill\" opacity=\"0.15\" d=\"M1011 2.70583L500 50.0001L-12 2.61328V105H1011V2.70583Z\"\/>\n  <path class=\"ux-shape-fill\" opacity=\"0.3\" d=\"M-13 50H1010V105H-13V50Z\"\/>\n<\/svg>\n\t<\/div>\n\n\n\t\t<div class=\"section-content relative\">\n\t\t\t\n\n<div class=\"row\"  id=\"row-416338745\">\n\n\n\t<div id=\"col-1195163318\" class=\"col small-12 large-12\"  >\n\t\t\t\t<div class=\"col-inner\"  >\n\t\t\t\n\t\t\t\n\n\t<div id=\"text-1610002218\" class=\"text svh-section-title\">\n\t\t\n\n<h2>My Life cung c\u1ea5p c\u00e1c d\u1ecbch v\u1ee5 x\u00e2y d\u1ef1ng nh\u00e0 \u1edf sau<\/h2>\n\t\t\n<style>\n#text-1610002218 {\n  text-align: center;\n}\n<\/style>\n\t<\/div>\n\t\n<div class=\"text-center\"><div class=\"is-divider divider clearfix\" style=\"max-width:150px;background-color:rgb(1, 120, 64);\"><\/div><\/div>\n\n\n\t\t<\/div>\n\t\t\t\t\t<\/div>\n\n\t\n\n<\/div>\n<div class=\"row align-equal row-box-shadow-1 row-box-shadow-1-hover\"  id=\"row-379031737\">\n\n\n\t<div id=\"col-431162823\" class=\"col medium-3 small-6 large-3\"  data-animate=\"flipInY\">\n\t\t\t\t<div class=\"col-inner\" style=\"background-color:rgb(255, 255, 255);\" >\n\t\t\t\n\t\t\t\n\n\t<div class=\"box has-hover   has-hover box-text-bottom\" >\n\n\t\t<div class=\"box-image\" >\n\t\t\t<a href=\"https:\/\/demo.7host.vn\/mylife\/thiet-ke-nha-o-thiet-ke-thi-cong-va-xin-phep\/\" >\t\t\t<div class=\"\" >\n\t\t\t\t<img loading=\"lazy\" decoding=\"async\" width=\"500\" height=\"500\" src=\"https:\/\/demo.7host.vn\/mylife\/wp-content\/uploads\/2023\/05\/nha-2-tang-mai-bang-3ee9.jpg\" class=\"attachment- size-\" alt=\"\" srcset=\"https:\/\/demo.7host.vn\/mylife\/wp-content\/uploads\/2023\/05\/nha-2-tang-mai-bang-3ee9.jpg 500w, https:\/\/demo.7host.vn\/mylife\/wp-content\/uploads\/2023\/05\/nha-2-tang-mai-bang-3ee9-400x400.jpg 400w, https:\/\/demo.7host.vn\/mylife\/wp-content\/uploads\/2023\/05\/nha-2-tang-mai-bang-3ee9-280x280.jpg 280w\" sizes=\"auto, (max-width: 500px) 100vw, 500px\" \/>\t\t\t\t\t\t\t\t\t\t\t<\/div>\n\t\t\t<\/a>\t\t<\/div>\n\n\t\t<div class=\"box-text text-center\" >\n\t\t\t<div class=\"box-text-inner\">\n\t\t\t\t\n\n\t<div id=\"text-1273988612\" class=\"text\">\n\t\t\n\n<h4>Thi\u1ebft k\u1ebf nh\u00e0 \u1edf: Thi\u1ebft k\u1ebf thi c\u00f4ng v\u00e0 xin ph\u00e9p<\/h4>\n\t\t\n<style>\n#text-1273988612 {\n  color: #017840;\n}\n#text-1273988612 > * {\n  color: #017840;\n}\n<\/style>\n\t<\/div>\n\t\n\n\t\t\t<\/div>\n\t\t<\/div>\n\t<\/div>\n\t\n\n\t\t<\/div>\n\t\t\t\t\t<\/div>\n\n\t\n\n\t<div id=\"col-1607345293\" class=\"col medium-3 small-6 large-3\"  data-animate=\"flipInY\">\n\t\t\t\t<div class=\"col-inner\" style=\"background-color:rgb(255, 255, 255);\" >\n\t\t\t\n\t\t\t\n\n\t<div class=\"box has-hover   has-hover box-text-bottom\" >\n\n\t\t<div class=\"box-image\" >\n\t\t\t<a href=\"https:\/\/demo.7host.vn\/mylife\/tu-van-thiet-ke\/\" >\t\t\t<div class=\"\" >\n\t\t\t\t<img loading=\"lazy\" decoding=\"async\" width=\"500\" height=\"500\" src=\"https:\/\/demo.7host.vn\/mylife\/wp-content\/uploads\/2023\/05\/tham-dinh-su-an1.jpg\" class=\"attachment- size-\" alt=\"\" srcset=\"https:\/\/demo.7host.vn\/mylife\/wp-content\/uploads\/2023\/05\/tham-dinh-su-an1.jpg 500w, https:\/\/demo.7host.vn\/mylife\/wp-content\/uploads\/2023\/05\/tham-dinh-su-an1-400x400.jpg 400w, https:\/\/demo.7host.vn\/mylife\/wp-content\/uploads\/2023\/05\/tham-dinh-su-an1-280x280.jpg 280w\" sizes=\"auto, (max-width: 500px) 100vw, 500px\" \/>\t\t\t\t\t\t\t\t\t\t\t<\/div>\n\t\t\t<\/a>\t\t<\/div>\n\n\t\t<div class=\"box-text text-center\" >\n\t\t\t<div class=\"box-text-inner\">\n\t\t\t\t\n\n\t<div id=\"text-3591596111\" class=\"text\">\n\t\t\n\n<h4>T\u01b0 v\u1ea5n thi\u1ebft k\u1ebf<\/h4>\n\t\t\n<style>\n#text-3591596111 {\n  color: #017840;\n}\n#text-3591596111 > * {\n  color: #017840;\n}\n<\/style>\n\t<\/div>\n\t\n\n\t\t\t<\/div>\n\t\t<\/div>\n\t<\/div>\n\t\n\n\t\t<\/div>\n\t\t\t\t\t<\/div>\n\n\t\n\n\t<div id=\"col-2048461236\" class=\"col medium-3 small-6 large-3\"  data-animate=\"flipInY\">\n\t\t\t\t<div class=\"col-inner\" style=\"background-color:rgb(255, 255, 255);\" >\n\t\t\t\n\t\t\t\n\n\t<div class=\"box has-hover   has-hover box-text-bottom\" >\n\n\t\t<div class=\"box-image\" >\n\t\t\t<a href=\"https:\/\/demo.7host.vn\/mylife\/thi-cong-xay-dung\/\" >\t\t\t<div class=\"\" >\n\t\t\t\t<img loading=\"lazy\" decoding=\"async\" width=\"500\" height=\"500\" src=\"https:\/\/demo.7host.vn\/mylife\/wp-content\/uploads\/2023\/05\/nha-thau-xay-dung-nha-tron-goi-o-da-lat.jpg\" class=\"attachment- size-\" alt=\"\" srcset=\"https:\/\/demo.7host.vn\/mylife\/wp-content\/uploads\/2023\/05\/nha-thau-xay-dung-nha-tron-goi-o-da-lat.jpg 500w, https:\/\/demo.7host.vn\/mylife\/wp-content\/uploads\/2023\/05\/nha-thau-xay-dung-nha-tron-goi-o-da-lat-400x400.jpg 400w, https:\/\/demo.7host.vn\/mylife\/wp-content\/uploads\/2023\/05\/nha-thau-xay-dung-nha-tron-goi-o-da-lat-280x280.jpg 280w\" sizes=\"auto, (max-width: 500px) 100vw, 500px\" \/>\t\t\t\t\t\t\t\t\t\t\t<\/div>\n\t\t\t<\/a>\t\t<\/div>\n\n\t\t<div class=\"box-text text-center\" >\n\t\t\t<div class=\"box-text-inner\">\n\t\t\t\t\n\n\t<div id=\"text-3027817396\" class=\"text\">\n\t\t\n\n<h4>Thi c\u00f4ng x\u00e2y d\u1ef1ng<\/h4>\n\t\t\n<style>\n#text-3027817396 {\n  color: #017840;\n}\n#text-3027817396 > * {\n  color: #017840;\n}\n<\/style>\n\t<\/div>\n\t\n\n\t\t\t<\/div>\n\t\t<\/div>\n\t<\/div>\n\t\n\n\t\t<\/div>\n\t\t\t\t\t<\/div>\n\n\t\n\n\t<div id=\"col-1961869507\" class=\"col medium-3 small-6 large-3\"  data-animate=\"flipInY\">\n\t\t\t\t<div class=\"col-inner\" style=\"background-color:rgb(255, 255, 255);\" >\n\t\t\t\n\t\t\t\n\n\t<div class=\"box has-hover   has-hover box-text-bottom\" >\n\n\t\t<div class=\"box-image\" >\n\t\t\t<a href=\"https:\/\/demo.7host.vn\/mylife\/ho-so-xin-cap-phep-xay-dung-hoan-cong-ra-so\/\" >\t\t\t<div class=\"image-cover\" style=\"padding-top:100%;\">\n\t\t\t\t<img loading=\"lazy\" decoding=\"async\" width=\"634\" height=\"558\" src=\"https:\/\/demo.7host.vn\/mylife\/wp-content\/uploads\/2023\/05\/7E2b2ccadd2d24737d3c.jpg\" class=\"attachment- size-\" alt=\"\" srcset=\"https:\/\/demo.7host.vn\/mylife\/wp-content\/uploads\/2023\/05\/7E2b2ccadd2d24737d3c.jpg 634w, https:\/\/demo.7host.vn\/mylife\/wp-content\/uploads\/2023\/05\/7E2b2ccadd2d24737d3c-454x400.jpg 454w\" sizes=\"auto, (max-width: 634px) 100vw, 634px\" \/>\t\t\t\t\t\t\t\t\t\t\t<\/div>\n\t\t\t<\/a>\t\t<\/div>\n\n\t\t<div class=\"box-text text-center\" >\n\t\t\t<div class=\"box-text-inner\">\n\t\t\t\t\n\n\t<div id=\"text-976169006\" class=\"text\">\n\t\t\n\n<h4>H\u1ed3 s\u01a1 xin c\u1ea5p ph\u00e9p x\u00e2y d\u1ef1ng + Ho\u00e0n c\u00f4ng ra s\u1ed5 &amp; <\/h4>\n\t\t\n<style>\n#text-976169006 {\n  color: #017840;\n}\n#text-976169006 > * {\n  color: #017840;\n}\n<\/style>\n\t<\/div>\n\t\n\n\t\t\t<\/div>\n\t\t<\/div>\n\t<\/div>\n\t\n\n\t\t<\/div>\n\t\t\t\t\t<\/div>\n\n\t\n\n<\/div>\n\n\t\t<\/div>\n\n\t\t\n<style>\n#section_806152526 {\n  padding-top: 100px;\n  padding-bottom: 100px;\n  background-color: rgb(240, 240, 240);\n}\n#section_806152526 .ux-shape-divider--top svg {\n  height: 100px;\n  --divider-top-width: 100%;\n}\n<\/style>\n\t<\/section>\n\t\n\t<section class=\"section\" id=\"section_709432004\">\n\t\t<div class=\"bg section-bg fill bg-fill  bg-loaded\" >\n\n\t\t\t\n\t\t\t\n\t\t\t\n\n\t\t<\/div>\n\n\t\t\n\n\t\t<div class=\"section-content relative\">\n\t\t\t\n\n<div class=\"row align-middle\"  id=\"row-1587821486\">\n\n\n\t<div id=\"col-1964310537\" class=\"col medium-5 small-12 large-5\"  data-animate=\"fadeInLeft\">\n\t\t\t\t<div class=\"col-inner\"  >\n\t\t\t\n\t\t\t\n\n\t<div class=\"img has-hover x md-x lg-x y md-y lg-y\" id=\"image_1392139596\">\n\t\t\t\t\t\t\t\t<div class=\"img-inner dark\" >\n\t\t\t<img loading=\"lazy\" decoding=\"async\" width=\"800\" height=\"1063\" src=\"https:\/\/demo.7host.vn\/mylife\/wp-content\/uploads\/2023\/05\/cong-ty-thiet-ke-nha-pho-uy-tin.jpg\" class=\"attachment-original size-original\" alt=\"\" srcset=\"https:\/\/demo.7host.vn\/mylife\/wp-content\/uploads\/2023\/05\/cong-ty-thiet-ke-nha-pho-uy-tin.jpg 800w, https:\/\/demo.7host.vn\/mylife\/wp-content\/uploads\/2023\/05\/cong-ty-thiet-ke-nha-pho-uy-tin-301x400.jpg 301w, https:\/\/demo.7host.vn\/mylife\/wp-content\/uploads\/2023\/05\/cong-ty-thiet-ke-nha-pho-uy-tin-602x800.jpg 602w, https:\/\/demo.7host.vn\/mylife\/wp-content\/uploads\/2023\/05\/cong-ty-thiet-ke-nha-pho-uy-tin-768x1020.jpg 768w\" sizes=\"auto, (max-width: 800px) 100vw, 800px\" \/>\t\t\t\t\t\t\n\t\t\t\t\t<\/div>\n\t\t\t\t\t\t\t\t\n<style>\n#image_1392139596 {\n  width: 100%;\n}\n<\/style>\n\t<\/div>\n\t\n\n\n\t\t<\/div>\n\t\t\t\t\t<\/div>\n\n\t\n\n\t<div id=\"col-1838724594\" class=\"col medium-7 small-12 large-7\"  data-animate=\"fadeInRight\">\n\t\t\t\t<div class=\"col-inner\"  >\n\t\t\t\n\t\t\t\n\n\t<div id=\"text-802918183\" class=\"text svh-content\">\n\t\t\n\n<h3>C\u1ea6N QUAN T\u00c2M<\/h3>\n<h2>7 \u0110I\u1ec2M \u201cV\u00c0NG\u201d KHI MYLIFE THI C\u00d4NG:<\/h2>\n<ul>\n<li>L\u00e0 \u0111\u01a1n v\u1ecb tr\u1ef1c thu\u1ed9c Ch\u1ee7 \u0111\u1ea7u t\u01b0, lu\u00f4n l\u1ea5y ch\u1eef t\u00edn l\u00e0m \u0111\u1ea7u<\/li>\n<li>Thu\u1eadn l\u1ee3i cho KH v\u1ec1 th\u1ee7 t\u1ee5c h\u1ed3 s\u01a1 ho\u00e0n c\u00f4ng: Nhanh \u2013 G\u1ecdn<\/li>\n<li>Tinh gi\u1ea3m \u0111\u01b0\u1ee3c c\u00e1c th\u1ee7 t\u1ee5c h\u1ed3 s\u01a1 x\u00e2y d\u1ef1ng, nghi\u1ec7m thu<\/li>\n<li>H\u1ed7 tr\u1ee3 KH trong c\u00f4ng t\u00e1c chu\u1ea9n b\u1ecb \u0110i\u1ec7n &#8211; N\u01b0\u1edbc ph\u1ee5c v\u1ee5 cho thi c\u00f4ng v\u00e0 c\u00e1c th\u1ee7 t\u1ee5c \u0111\u1ec3 l\u1eafp \u0111\u1ed3ng h\u1ed3 \u0111i\u1ec7n n\u01b0\u1edbc cho KH<\/li>\n<li>Gi\u1ea3m chi ph\u00ed Thi\u1ebft K\u1ebf v\u00e0 c\u00e1c kho\u1ea3n chi ph\u00ed c\u00f3 li\u00ean quan \u0111\u1ebfn c\u00f4ng t\u00e1c x\u00e2y d\u1ef1ng.<\/li>\n<li>T\u01b0 v\u1ea5n Thi\u1ebft k\u1ebf &#8211; thi c\u00f4ng theo s\u00e1t c\u00e1c quy chu\u1ea9n nh\u01b0ng \u0111\u1ea3m b\u1ea3o ph\u00f9 h\u1ee3p nhu c\u1ea7u c\u1ee7a KH.<\/li>\n<li>Thay m\u1eb7t KH \u0111\u1ec3 l\u00e0m vi\u1ec7c v\u1edbi c\u00e1c C\u01a1 quan ban ng\u00e0nh v\u1ec1 ki\u1ec3m tra trong qu\u00e1 tr\u00ecnh x\u00e2y d\u1ef1ng.<\/li>\n<\/ul>\n\t\t\t<\/div>\n\t\n\n\t\t<\/div>\n\t\t\t\t\t<\/div>\n\n\t\n\n<\/div>\n\n\t\t<\/div>\n\n\t\t\n<style>\n#section_709432004 {\n  padding-top: 30px;\n  padding-bottom: 30px;\n}\n<\/style>\n\t<\/section>\n\t\n\n","protected":false},"excerpt":{"rendered":"","protected":false},"author":1,"featured_media":0,"parent":0,"menu_order":0,"comment_status":"closed","ping_status":"closed","template":"page-transparent-header.php","meta":{"footnotes":""},"class_list":["post-24","page","type-page","status-publish","hentry"],"acf":[],"yoast_head":"<!-- This site is optimized with the Yoast SEO plugin v20.8 - https:\/\/yoast.com\/wordpress\/plugins\/seo\/ -->\n<title>Gi\u1edbi thi\u1ec7u - My Life<\/title>\n<meta name=\"robots\" content=\"noindex, follow, max-snippet:-1, max-image-preview:large, max-video-preview:-1\" \/>\n<meta property=\"og:locale\" content=\"vi_VN\" \/>\n<meta property=\"og:type\" content=\"article\" \/>\n<meta property=\"og:title\" content=\"Gi\u1edbi thi\u1ec7u - My Life\" \/>\n<meta property=\"og:url\" content=\"https:\/\/demo.7host.vn\/mylife\/gioi-thieu\/\" \/>\n<meta property=\"og:site_name\" content=\"My Life\" \/>\n<meta property=\"article:modified_time\" content=\"2023-05-22T15:38:59+00:00\" \/>\n<meta name=\"twitter:card\" content=\"summary_large_image\" \/>\n<meta name=\"twitter:label1\" content=\"\u01af\u1edbc t\u00ednh th\u1eddi gian \u0111\u1ecdc\" \/>\n\t<meta name=\"twitter:data1\" content=\"3 ph\u00fat\" \/>\n<script type=\"application\/ld+json\" class=\"yoast-schema-graph\">{\"@context\":\"https:\/\/schema.org\",\"@graph\":[{\"@type\":\"WebPage\",\"@id\":\"https:\/\/demo.7host.vn\/mylife\/gioi-thieu\/\",\"url\":\"https:\/\/demo.7host.vn\/mylife\/gioi-thieu\/\",\"name\":\"Gi\u1edbi thi\u1ec7u - My Life\",\"isPartOf\":{\"@id\":\"https:\/\/demo.7host.vn\/mylife\/#website\"},\"datePublished\":\"2023-05-20T07:18:55+00:00\",\"dateModified\":\"2023-05-22T15:38:59+00:00\",\"breadcrumb\":{\"@id\":\"https:\/\/demo.7host.vn\/mylife\/gioi-thieu\/#breadcrumb\"},\"inLanguage\":\"vi\",\"potentialAction\":[{\"@type\":\"ReadAction\",\"target\":[\"https:\/\/demo.7host.vn\/mylife\/gioi-thieu\/\"]}]},{\"@type\":\"BreadcrumbList\",\"@id\":\"https:\/\/demo.7host.vn\/mylife\/gioi-thieu\/#breadcrumb\",\"itemListElement\":[{\"@type\":\"ListItem\",\"position\":1,\"name\":\"Trang ch\u1ee7\",\"item\":\"https:\/\/demo.7host.vn\/mylife\/\"},{\"@type\":\"ListItem\",\"position\":2,\"name\":\"Gi\u1edbi thi\u1ec7u\"}]},{\"@type\":\"WebSite\",\"@id\":\"https:\/\/demo.7host.vn\/mylife\/#website\",\"url\":\"https:\/\/demo.7host.vn\/mylife\/\",\"name\":\"My Life\",\"description\":\"Thi\u1ebft k\u1ebf thi c\u00f4ng x\u00e2y d\u1ef1ng\",\"potentialAction\":[{\"@type\":\"SearchAction\",\"target\":{\"@type\":\"EntryPoint\",\"urlTemplate\":\"https:\/\/demo.7host.vn\/mylife\/?s={search_term_string}\"},\"query-input\":\"required name=search_term_string\"}],\"inLanguage\":\"vi\"}]}<\/script>\n<!-- \/ Yoast SEO plugin. -->","yoast_head_json":{"title":"Gi\u1edbi thi\u1ec7u - My Life","robots":{"index":"noindex","follow":"follow","max-snippet":"max-snippet:-1","max-image-preview":"max-image-preview:large","max-video-preview":"max-video-preview:-1"},"og_locale":"vi_VN","og_type":"article","og_title":"Gi\u1edbi thi\u1ec7u - My Life","og_url":"https:\/\/demo.7host.vn\/mylife\/gioi-thieu\/","og_site_name":"My Life","article_modified_time":"2023-05-22T15:38:59+00:00","twitter_card":"summary_large_image","twitter_misc":{"\u01af\u1edbc t\u00ednh th\u1eddi gian \u0111\u1ecdc":"3 ph\u00fat"},"schema":{"@context":"https:\/\/schema.org","@graph":[{"@type":"WebPage","@id":"https:\/\/demo.7host.vn\/mylife\/gioi-thieu\/","url":"https:\/\/demo.7host.vn\/mylife\/gioi-thieu\/","name":"Gi\u1edbi thi\u1ec7u - My Life","isPartOf":{"@id":"https:\/\/demo.7host.vn\/mylife\/#website"},"datePublished":"2023-05-20T07:18:55+00:00","dateModified":"2023-05-22T15:38:59+00:00","breadcrumb":{"@id":"https:\/\/demo.7host.vn\/mylife\/gioi-thieu\/#breadcrumb"},"inLanguage":"vi","potentialAction":[{"@type":"ReadAction","target":["https:\/\/demo.7host.vn\/mylife\/gioi-thieu\/"]}]},{"@type":"BreadcrumbList","@id":"https:\/\/demo.7host.vn\/mylife\/gioi-thieu\/#breadcrumb","itemListElement":[{"@type":"ListItem","position":1,"name":"Trang ch\u1ee7","item":"https:\/\/demo.7host.vn\/mylife\/"},{"@type":"ListItem","position":2,"name":"Gi\u1edbi thi\u1ec7u"}]},{"@type":"WebSite","@id":"https:\/\/demo.7host.vn\/mylife\/#website","url":"https:\/\/demo.7host.vn\/mylife\/","name":"My Life","description":"Thi\u1ebft k\u1ebf thi c\u00f4ng x\u00e2y d\u1ef1ng","potentialAction":[{"@type":"SearchAction","target":{"@type":"EntryPoint","urlTemplate":"https:\/\/demo.7host.vn\/mylife\/?s={search_term_string}"},"query-input":"required name=search_term_string"}],"inLanguage":"vi"}]}},"_links":{"self":[{"href":"https:\/\/demo.7host.vn\/mylife\/wp-json\/wp\/v2\/pages\/24","targetHints":{"allow":["GET"]}}],"collection":[{"href":"https:\/\/demo.7host.vn\/mylife\/wp-json\/wp\/v2\/pages"}],"about":[{"href":"https:\/\/demo.7host.vn\/mylife\/wp-json\/wp\/v2\/types\/page"}],"author":[{"embeddable":true,"href":"https:\/\/demo.7host.vn\/mylife\/wp-json\/wp\/v2\/users\/1"}],"replies":[{"embeddable":true,"href":"https:\/\/demo.7host.vn\/mylife\/wp-json\/wp\/v2\/comments?post=24"}],"version-history":[{"count":30,"href":"https:\/\/demo.7host.vn\/mylife\/wp-json\/wp\/v2\/pages\/24\/revisions"}],"predecessor-version":[{"id":206,"href":"https:\/\/demo.7host.vn\/mylife\/wp-json\/wp\/v2\/pages\/24\/revisions\/206"}],"wp:attachment":[{"href":"https:\/\/demo.7host.vn\/mylife\/wp-json\/wp\/v2\/media?parent=24"}],"curies":[{"name":"wp","href":"https:\/\/api.w.org\/{rel}","templated":true}]}}