{"id":26,"date":"2023-05-20T14:21:00","date_gmt":"2023-05-20T07:21:00","guid":{"rendered":"https:\/\/demo.7host.vn\/mylife\/?page_id=26"},"modified":"2023-05-22T21:17:50","modified_gmt":"2023-05-22T14:17:50","slug":"lien-he","status":"publish","type":"page","link":"https:\/\/demo.7host.vn\/mylife\/lien-he\/","title":{"rendered":"Li\u00ean h\u1ec7"},"content":{"rendered":"\n\t<section class=\"section\" id=\"section_198111004\">\n\t\t<div class=\"bg section-bg fill bg-fill  \" >\n\n\t\t\t\n\t\t\t\n\t\t\t\n\n\t\t<\/div>\n\n\t\t\n\t<div class=\"ux-shape-divider ux-shape-divider--bottom ux-shape-divider--style-waves-opacity-2\">\n\t\t<svg viewBox=\"0 0 1000 300\" xmlns=\"http:\/\/www.w3.org\/2000\/svg\" preserveAspectRatio=\"none\">\n  <path class=\"ux-shape-fill\" opacity=\"0.15\" d=\"M0 299L-2 19.9998C153 -16.0002 308 155 413 184C515.64 212.35 562 152 645 153C725 154 787 206 874 233C939.54 253.34 975 248 1000 244.61V299H0Z\"\/>\n  <path class=\"ux-shape-fill\" opacity=\"0.3\" d=\"M0 300L-2 34C155 -9.00003 300 178 403 212C504.11 245.38 562 165 645 166C725 167 790.09 220.07 874 253C939.21 278.59 978.07 269.72 1000 263.61V300H0Z\"\/>\n  <path class=\"ux-shape-fill\" d=\"M0 300L-1 69.7099C216 56.9999 299.47 198.86 403 226C506 253 577 196 660 197C740 198 790.09 234.07 874 267C935.23 291 982 282.61 1000 277.61V300H0Z\"\/>\n<\/svg>\n\t<\/div>\n\n\t\t<div class=\"section-content relative\">\n\t\t\t\n\n<div class=\"row\"  id=\"row-1303588703\">\n\n\n\t<div id=\"col-1871855472\" class=\"col small-12 large-12\"  data-animate=\"blurIn\">\n\t\t\t\t<div class=\"col-inner\"  >\n\t\t\t\n\t\t\t\n\n\t<div id=\"text-3990752149\" class=\"text svh-page-title\">\n\t\t\n\n<h1>Li\u00ean h\u1ec7<\/h1>\n\t\t\t<\/div>\n\t\n\n\t\t<\/div>\n\t\t\t\t\n<style>\n#col-1871855472 > .col-inner {\n  padding: 50px 0px 0px 0px;\n}\n<\/style>\n\t<\/div>\n\n\t\n\n<\/div>\n\n\t\t<\/div>\n\n\t\t\n<style>\n#section_198111004 {\n  padding-top: 30px;\n  padding-bottom: 30px;\n  min-height: 450px;\n}\n#section_198111004 .section-bg.bg-loaded {\n  background-image: url(https:\/\/demo.7host.vn\/mylife\/wp-content\/uploads\/2023\/05\/modular-banner-e1597526170204.jpg);\n}\n#section_198111004 .ux-shape-divider--bottom svg {\n  height: 150px;\n  --divider-width: 100%;\n}\n<\/style>\n\t<\/section>\n\t\n\t<section class=\"section\" id=\"section_1543798851\">\n\t\t<div class=\"bg section-bg fill bg-fill  bg-loaded\" >\n\n\t\t\t\n\t\t\t\n\t\t\t\n\n\t\t<\/div>\n\n\t\t\n\n\t\t<div class=\"section-content relative\">\n\t\t\t\n\n<div class=\"row\"  id=\"row-1221795125\">\n\n\n\t<div id=\"col-248923046\" class=\"col medium-6 small-12 large-6\"  data-animate=\"fadeInLeft\">\n\t\t\t\t<div class=\"col-inner\"  >\n\t\t\t\n\t\t\t\n\n\t<div id=\"text-2288382878\" class=\"text svh-contact-msg\">\n\t\t\n\n<h3>Ch\u00fang t\u00f4i \u1edf \u0111\u00e2y \u0111\u1ec3 gi\u00fap \u0111\u1ee1<\/h3>\n<h2>Ho\u00e0n th\u00e0nh d\u1ef1 \u00e1n cho b\u1ea1n<\/h2>\n<p><strong>LI\u00caN H\u1ec6 MYLIFE \u0110\u1ec2 BI\u1ebeN NG\u00d4I NH\u00c0 TRONG M\u01a0 TH\u00c0NH HI\u1ec6N TH\u1ef0C<\/strong><br \/>N\u1ebfu kh\u00e1ch h\u00e0ng c\u00f3 \u00fd t\u01b0\u1edfng thi\u1ebft k\u1ebf ho\u1eb7c ch\u01b0a c\u00f3 b\u1ea5t k\u1ef3 \u00fd t\u01b0\u1edfng n\u00e0o cho ng\u00f4i nh\u00e0 c\u1ee7a m\u00ecnh, h\u00e3y li\u00ean h\u1ec7 v\u1edbi ch\u00fang t\u00f4i \u0111\u1ec3 \u0111\u01b0\u1ee3c \u0111\u1ed9i ng\u0169 nh\u00e2n vi\u00ean chuy\u00ean nghi\u1ec7p c\u1ee7a MyLife t\u01b0 v\u1ea5n v\u00e0 h\u1ed7 tr\u1ee3 kh\u00e1ch h\u00e0ng l\u00ean \u00fd t\u01b0\u1edfng thi\u1ebft k\u1ebf m\u1ed9t c\u00e1ch nhanh ch\u00f3ng.<\/p>\n<p>Tr\u00e2n tr\u1ecdng!<\/p>\n\t\t\t<\/div>\n\t\n<div class=\"is-divider divider clearfix\" style=\"max-width:100%;background-color:rgb(1, 120, 64);\"><\/div>\n\n\t<div id=\"text-4245369872\" class=\"text svh-contact-msg\">\n\t\t\n\n<ul>\n<li><i class=\"fa-solid fa-location-dot\"><\/i> \u0110\u1ecba ch\u1ec9 H\u1ed3 Ch\u00ed Minh: 25A \u0110\u00f4ng H\u1ed3, Ph\u01b0\u1eddng 8, Qu\u1eadn T\u00e2n B\u00ecnh, TP.HCM<\/li>\n<li><i class=\"fa-solid fa-location-dot\"><\/i> \u0110\u1ecba ch\u1ec9 Long An: Khu F, KCN T\u00e2n Kim, KP T\u00e2n Ph\u01b0\u1edbc, TT C\u1ea7n Giu\u1ed9c, H. C\u1ea7n Giu\u1ed9c, T\u1ec9nh Long An<\/li>\n<li><i class=\"fa-regular fa-clock\"><\/i> Gi\u1edd ho\u1ea1t \u0111\u1ed9ng:T2 &#8211; T7 8:00am &#8211; 5:00pm<\/li>\n<li><i class=\"fa-solid fa-square-phone\"><\/i> Hotline: <a class=\"text-decoration-none text-color-dark text-color-hover-primary\" href=\"tel:+84903182003\">0903 18 20 03<\/a><\/li>\n<li><i class=\"fa-regular fa-envelope\"><\/i> Email: <a class=\"text-decoration-none text-color-dark text-color-hover-primary\" href=\"mailto:mail@example.com\">sales@mylife.com.vn<\/a><\/li>\n<\/ul>\n\t\t\t<\/div>\n\t\n\n\t\t<\/div>\n\t\t\t\t\t<\/div>\n\n\t\n\n\t<div id=\"col-1810430204\" class=\"col medium-6 small-12 large-6\"  data-animate=\"fadeInRight\">\n\t\t\t\t<div class=\"col-inner\"  >\n\t\t\t\n\t\t\t\n\n\t<div id=\"text-1604563755\" class=\"text svh-contact-msg\">\n\t\t\n\n<h2>Li\u00ean h\u1ec7 ngay<\/h2>\n<p>G\u1eedi y\u00eau c\u1ea7u v\u00e0o form b\u00ean d\u01b0\u1edbi ch\u00fang t\u00f4i s\u1ebd li\u00ean h\u1ec7 ngay!<\/p>\n\t\t\t<\/div>\n\t\n\n<div class=\"wpcf7 no-js\" id=\"wpcf7-f17-o1\" lang=\"vi\" dir=\"ltr\">\n<div class=\"screen-reader-response\"><p role=\"status\" aria-live=\"polite\" aria-atomic=\"true\"><\/p> <ul><\/ul><\/div>\n<form action=\"\/mylife\/wp-json\/wp\/v2\/pages\/26#wpcf7-f17-o1\" method=\"post\" class=\"wpcf7-form init\" aria-label=\"Form li\u00ean h\u1ec7\" novalidate=\"novalidate\" data-status=\"init\">\n<div style=\"display: none;\">\n<input type=\"hidden\" name=\"_wpcf7\" value=\"17\" \/>\n<input type=\"hidden\" name=\"_wpcf7_version\" value=\"5.7.6\" \/>\n<input type=\"hidden\" name=\"_wpcf7_locale\" value=\"vi\" \/>\n<input type=\"hidden\" name=\"_wpcf7_unit_tag\" value=\"wpcf7-f17-o1\" \/>\n<input type=\"hidden\" name=\"_wpcf7_container_post\" value=\"0\" \/>\n<input type=\"hidden\" name=\"_wpcf7_posted_data_hash\" value=\"\" \/>\n<\/div>\n<p><span class=\"wpcf7-form-control-wrap\" data-name=\"your-name\"><input size=\"40\" class=\"wpcf7-form-control wpcf7-text wpcf7-validates-as-required\" autocomplete=\"name\" aria-required=\"true\" aria-invalid=\"false\" placeholder=\"H\u1ecd t\u00ean(*)\" value=\"\" type=\"text\" name=\"your-name\" \/><\/span><br \/>\n<span class=\"wpcf7-form-control-wrap\" data-name=\"your-tel\"><input size=\"40\" class=\"wpcf7-form-control wpcf7-text wpcf7-tel wpcf7-validates-as-required wpcf7-validates-as-tel\" aria-required=\"true\" aria-invalid=\"false\" placeholder=\"S\u1ed1 \u0111i\u1ec7n tho\u1ea1i(*)\" value=\"\" type=\"tel\" name=\"your-tel\" \/><\/span><br \/>\n<span class=\"wpcf7-form-control-wrap\" data-name=\"your-email\"><input size=\"40\" class=\"wpcf7-form-control wpcf7-text wpcf7-email wpcf7-validates-as-email\" autocomplete=\"email\" aria-invalid=\"false\" placeholder=\"Email\" value=\"\" type=\"email\" name=\"your-email\" \/><\/span><br \/>\n<span class=\"wpcf7-form-control-wrap\" data-name=\"your-subject\"><input size=\"40\" class=\"wpcf7-form-control wpcf7-text wpcf7-validates-as-required\" aria-required=\"true\" aria-invalid=\"false\" placeholder=\"Ti\u00eau \u0111\u1ec1(*)\" value=\"\" type=\"text\" name=\"your-subject\" \/><\/span><br \/>\n<span class=\"wpcf7-form-control-wrap\" data-name=\"your-message\"><textarea cols=\"40\" rows=\"10\" class=\"wpcf7-form-control wpcf7-textarea\" aria-invalid=\"false\" placeholder=\"N\u1ed9i dung(*)\" name=\"your-message\"><\/textarea><\/span>\n<\/p>\n<p><input class=\"wpcf7-form-control has-spinner wpcf7-submit\" type=\"submit\" value=\"G\u1eedi\" \/>\n<\/p><div class=\"wpcf7-response-output\" aria-hidden=\"true\"><\/div>\n<\/form>\n<\/div>\n\n\n\n\t\t<\/div>\n\t\t\t\t\t<\/div>\n\n\t\n\n<\/div>\n\n\t\t<\/div>\n\n\t\t\n<style>\n#section_1543798851 {\n  padding-top: 30px;\n  padding-bottom: 30px;\n}\n<\/style>\n\t<\/section>\n\t\n\n","protected":false},"excerpt":{"rendered":"","protected":false},"author":1,"featured_media":0,"parent":0,"menu_order":0,"comment_status":"closed","ping_status":"closed","template":"page-transparent-header.php","meta":{"footnotes":""},"class_list":["post-26","page","type-page","status-publish","hentry"],"acf":[],"yoast_head":"<!-- This site is optimized with the Yoast SEO plugin v20.8 - https:\/\/yoast.com\/wordpress\/plugins\/seo\/ -->\n<title>Li\u00ean h\u1ec7 - My Life<\/title>\n<meta name=\"robots\" content=\"noindex, follow, max-snippet:-1, max-image-preview:large, max-video-preview:-1\" \/>\n<meta property=\"og:locale\" content=\"vi_VN\" \/>\n<meta property=\"og:type\" content=\"article\" \/>\n<meta property=\"og:title\" content=\"Li\u00ean h\u1ec7 - My Life\" \/>\n<meta property=\"og:url\" content=\"https:\/\/demo.7host.vn\/mylife\/lien-he\/\" \/>\n<meta property=\"og:site_name\" content=\"My Life\" \/>\n<meta property=\"article:modified_time\" content=\"2023-05-22T14:17:50+00:00\" \/>\n<meta name=\"twitter:card\" content=\"summary_large_image\" \/>\n<script type=\"application\/ld+json\" class=\"yoast-schema-graph\">{\"@context\":\"https:\/\/schema.org\",\"@graph\":[{\"@type\":\"WebPage\",\"@id\":\"https:\/\/demo.7host.vn\/mylife\/lien-he\/\",\"url\":\"https:\/\/demo.7host.vn\/mylife\/lien-he\/\",\"name\":\"Li\u00ean h\u1ec7 - My Life\",\"isPartOf\":{\"@id\":\"https:\/\/demo.7host.vn\/mylife\/#website\"},\"datePublished\":\"2023-05-20T07:21:00+00:00\",\"dateModified\":\"2023-05-22T14:17:50+00:00\",\"breadcrumb\":{\"@id\":\"https:\/\/demo.7host.vn\/mylife\/lien-he\/#breadcrumb\"},\"inLanguage\":\"vi\",\"potentialAction\":[{\"@type\":\"ReadAction\",\"target\":[\"https:\/\/demo.7host.vn\/mylife\/lien-he\/\"]}]},{\"@type\":\"BreadcrumbList\",\"@id\":\"https:\/\/demo.7host.vn\/mylife\/lien-he\/#breadcrumb\",\"itemListElement\":[{\"@type\":\"ListItem\",\"position\":1,\"name\":\"Trang ch\u1ee7\",\"item\":\"https:\/\/demo.7host.vn\/mylife\/\"},{\"@type\":\"ListItem\",\"position\":2,\"name\":\"Li\u00ean h\u1ec7\"}]},{\"@type\":\"WebSite\",\"@id\":\"https:\/\/demo.7host.vn\/mylife\/#website\",\"url\":\"https:\/\/demo.7host.vn\/mylife\/\",\"name\":\"My Life\",\"description\":\"Thi\u1ebft k\u1ebf thi c\u00f4ng x\u00e2y d\u1ef1ng\",\"potentialAction\":[{\"@type\":\"SearchAction\",\"target\":{\"@type\":\"EntryPoint\",\"urlTemplate\":\"https:\/\/demo.7host.vn\/mylife\/?s={search_term_string}\"},\"query-input\":\"required name=search_term_string\"}],\"inLanguage\":\"vi\"}]}<\/script>\n<!-- \/ Yoast SEO plugin. -->","yoast_head_json":{"title":"Li\u00ean h\u1ec7 - My Life","robots":{"index":"noindex","follow":"follow","max-snippet":"max-snippet:-1","max-image-preview":"max-image-preview:large","max-video-preview":"max-video-preview:-1"},"og_locale":"vi_VN","og_type":"article","og_title":"Li\u00ean h\u1ec7 - My Life","og_url":"https:\/\/demo.7host.vn\/mylife\/lien-he\/","og_site_name":"My Life","article_modified_time":"2023-05-22T14:17:50+00:00","twitter_card":"summary_large_image","schema":{"@context":"https:\/\/schema.org","@graph":[{"@type":"WebPage","@id":"https:\/\/demo.7host.vn\/mylife\/lien-he\/","url":"https:\/\/demo.7host.vn\/mylife\/lien-he\/","name":"Li\u00ean h\u1ec7 - My Life","isPartOf":{"@id":"https:\/\/demo.7host.vn\/mylife\/#website"},"datePublished":"2023-05-20T07:21:00+00:00","dateModified":"2023-05-22T14:17:50+00:00","breadcrumb":{"@id":"https:\/\/demo.7host.vn\/mylife\/lien-he\/#breadcrumb"},"inLanguage":"vi","potentialAction":[{"@type":"ReadAction","target":["https:\/\/demo.7host.vn\/mylife\/lien-he\/"]}]},{"@type":"BreadcrumbList","@id":"https:\/\/demo.7host.vn\/mylife\/lien-he\/#breadcrumb","itemListElement":[{"@type":"ListItem","position":1,"name":"Trang ch\u1ee7","item":"https:\/\/demo.7host.vn\/mylife\/"},{"@type":"ListItem","position":2,"name":"Li\u00ean h\u1ec7"}]},{"@type":"WebSite","@id":"https:\/\/demo.7host.vn\/mylife\/#website","url":"https:\/\/demo.7host.vn\/mylife\/","name":"My Life","description":"Thi\u1ebft k\u1ebf thi c\u00f4ng x\u00e2y d\u1ef1ng","potentialAction":[{"@type":"SearchAction","target":{"@type":"EntryPoint","urlTemplate":"https:\/\/demo.7host.vn\/mylife\/?s={search_term_string}"},"query-input":"required name=search_term_string"}],"inLanguage":"vi"}]}},"_links":{"self":[{"href":"https:\/\/demo.7host.vn\/mylife\/wp-json\/wp\/v2\/pages\/26","targetHints":{"allow":["GET"]}}],"collection":[{"href":"https:\/\/demo.7host.vn\/mylife\/wp-json\/wp\/v2\/pages"}],"about":[{"href":"https:\/\/demo.7host.vn\/mylife\/wp-json\/wp\/v2\/types\/page"}],"author":[{"embeddable":true,"href":"https:\/\/demo.7host.vn\/mylife\/wp-json\/wp\/v2\/users\/1"}],"replies":[{"embeddable":true,"href":"https:\/\/demo.7host.vn\/mylife\/wp-json\/wp\/v2\/comments?post=26"}],"version-history":[{"count":12,"href":"https:\/\/demo.7host.vn\/mylife\/wp-json\/wp\/v2\/pages\/26\/revisions"}],"predecessor-version":[{"id":167,"href":"https:\/\/demo.7host.vn\/mylife\/wp-json\/wp\/v2\/pages\/26\/revisions\/167"}],"wp:attachment":[{"href":"https:\/\/demo.7host.vn\/mylife\/wp-json\/wp\/v2\/media?parent=26"}],"curies":[{"name":"wp","href":"https:\/\/api.w.org\/{rel}","templated":true}]}}