{"id":28,"date":"2023-05-20T14:23:56","date_gmt":"2023-05-20T07:23:56","guid":{"rendered":"https:\/\/demo.7host.vn\/mylife\/?page_id=28"},"modified":"2023-05-22T22:43:36","modified_gmt":"2023-05-22T15:43:36","slug":"mau-nha","status":"publish","type":"page","link":"https:\/\/demo.7host.vn\/mylife\/mau-nha\/","title":{"rendered":"M\u1eabu nh\u00e0"},"content":{"rendered":"\n\t<section class=\"section\" id=\"section_859758724\">\n\t\t<div class=\"bg section-bg fill bg-fill  \" >\n\n\t\t\t\n\t\t\t\n\t\t\t\n\n\t\t<\/div>\n\n\t\t\n\t<div class=\"ux-shape-divider ux-shape-divider--bottom ux-shape-divider--style-waves-opacity-2\">\n\t\t<svg viewBox=\"0 0 1000 300\" xmlns=\"http:\/\/www.w3.org\/2000\/svg\" preserveAspectRatio=\"none\">\n  <path class=\"ux-shape-fill\" opacity=\"0.15\" d=\"M0 299L-2 19.9998C153 -16.0002 308 155 413 184C515.64 212.35 562 152 645 153C725 154 787 206 874 233C939.54 253.34 975 248 1000 244.61V299H0Z\"\/>\n  <path class=\"ux-shape-fill\" opacity=\"0.3\" d=\"M0 300L-2 34C155 -9.00003 300 178 403 212C504.11 245.38 562 165 645 166C725 167 790.09 220.07 874 253C939.21 278.59 978.07 269.72 1000 263.61V300H0Z\"\/>\n  <path class=\"ux-shape-fill\" d=\"M0 300L-1 69.7099C216 56.9999 299.47 198.86 403 226C506 253 577 196 660 197C740 198 790.09 234.07 874 267C935.23 291 982 282.61 1000 277.61V300H0Z\"\/>\n<\/svg>\n\t<\/div>\n\n\t\t<div class=\"section-content relative\">\n\t\t\t\n\n<div class=\"row\"  id=\"row-2020161045\">\n\n\n\t<div id=\"col-1492725891\" class=\"col small-12 large-12\"  data-animate=\"blurIn\">\n\t\t\t\t<div class=\"col-inner\"  >\n\t\t\t\n\t\t\t\n\n\t<div id=\"text-2474329222\" class=\"text svh-page-title\">\n\t\t\n\n<h1>M\u1eabu nh\u00e0<\/h1>\n\n\t\t\t<\/div>\n\t\n\n\t\t<\/div>\n\t\t\t\t\n<style>\n#col-1492725891 > .col-inner {\n  padding: 50px 0px 0px 0px;\n}\n<\/style>\n\t<\/div>\n\n\t\n\n<\/div>\n\n\t\t<\/div>\n\n\t\t\n<style>\n#section_859758724 {\n  padding-top: 30px;\n  padding-bottom: 30px;\n  min-height: 450px;\n}\n#section_859758724 .section-bg.bg-loaded {\n  background-image: url(https:\/\/demo.7host.vn\/mylife\/wp-content\/uploads\/2023\/05\/architecture-featured-banner.jpg);\n}\n#section_859758724 .ux-shape-divider--bottom svg {\n  height: 150px;\n  --divider-width: 100%;\n}\n<\/style>\n\t<\/section>\n\t\n\t<section class=\"section\" id=\"section_6317020\">\n\t\t<div class=\"bg section-bg fill bg-fill  bg-loaded\" >\n\n\t\t\t\n\t\t\t\n\t\t\t\n\n\t\t<\/div>\n\n\t\t\n\n\t\t<div class=\"section-content relative\">\n\t\t\t\n\n<div class=\"row\"  id=\"row-1195619500\">\n\n\n\t<div id=\"col-1100877439\" class=\"col small-12 large-12\"  >\n\t\t\t\t<div class=\"col-inner\"  >\n\t\t\t\n\t\t\t\n\n<p>MyLife \u0111\u00e3 th\u1ef1c hi\u1ec7n thi\u1ebft k\u1ebf v\u00e0 thi c\u00f4ng cho h\u00e0ng tr\u0103m c\u00f4ng tr\u00ecnh nh\u00e0 \u1edf l\u1edbn nh\u1ecf t\u1ea1i TP.HCM v\u00e0 c\u00e1c t\u1ec9nh th\u00e0nh l\u00e2n c\u1eadn, v\u00ec v\u1eady m\u00e0 MyLife mong mu\u1ed1n \u0111\u01b0\u1ee3c gi\u1edbi thi\u1ec7u \u0111\u1ebfn kh\u00e1ch h\u00e0ng b\u1ed9 s\u01b0u t\u1eadp nh\u1eefng m\u1eabu nh\u00e0 \u0111\u1eb9p d\u01b0\u1edbi \u0111\u00e2y \u0111\u1ec3 kh\u00e1ch c\u00f3 th\u1ec3 ch\u1ecdn cho m\u00ecnh m\u1eabu nh\u00e0 \u01b0ng \u00fd v\u00e0 ph\u00f9 h\u1ee3p v\u1edbi kh\u1ea3 n\u0103ng t\u00e0i ch\u00ednh c\u1ee7a m\u00ecnh nh\u1ea5t.<\/p>\n\n\n\t\t<\/div>\n\t\t\t\t\t<\/div>\n\n\t\n\n<\/div>\n\n\t\t<\/div>\n\n\t\t\n<style>\n#section_6317020 {\n  padding-top: 30px;\n  padding-bottom: 30px;\n}\n<\/style>\n\t<\/section>\n\t\n\t<section class=\"section\" id=\"section_943296473\">\n\t\t<div class=\"bg section-bg fill bg-fill  bg-loaded\" >\n\n\t\t\t\n\t\t\t\n\t\t\t\n\n\t\t<\/div>\n\n\t\t\t<div class=\"ux-shape-divider ux-shape-divider--top ux-shape-divider--style-fan\">\n\t\t<svg viewBox=\"0 0 1000 100\" xmlns=\"http:\/\/www.w3.org\/2000\/svg\" preserveAspectRatio=\"none\">\n  <path class=\"ux-shape-fill\" d=\"M500 50L1067.25 102.5H-67.2466L500 50Z\"\/>\n  <path class=\"ux-shape-fill\" opacity=\"0.15\" d=\"M1011 2.70583L500 50.0001L-12 2.61328V105H1011V2.70583Z\"\/>\n  <path class=\"ux-shape-fill\" opacity=\"0.3\" d=\"M-13 50H1010V105H-13V50Z\"\/>\n<\/svg>\n\t<\/div>\n\n\n\t\t<div class=\"section-content relative\">\n\t\t\t\n\n<div class=\"row\"  id=\"row-140016905\">\n\n\n\t<div id=\"col-257990624\" class=\"col small-12 large-12\"  >\n\t\t\t\t<div class=\"col-inner\"  >\n\t\t\t\n\t\t\t\n\n\t<div id=\"text-2507257154\" class=\"text svh-section-title\">\n\t\t\n\n<h2>My Life cung c\u1ea5p c\u00e1c d\u1ecbch v\u1ee5 x\u00e2y d\u1ef1ng nh\u00e0 \u1edf sau<\/h2>\n\t\t\n<style>\n#text-2507257154 {\n  text-align: center;\n}\n<\/style>\n\t<\/div>\n\t\n<div class=\"text-center\"><div class=\"is-divider divider clearfix\" style=\"max-width:150px;background-color:rgb(1, 120, 64);\"><\/div><\/div>\n\n\n\t\t<\/div>\n\t\t\t\t\t<\/div>\n\n\t\n\n<\/div>\n<div class=\"row align-equal row-box-shadow-1 row-box-shadow-1-hover\"  id=\"row-1893602466\">\n\n\n\t<div id=\"col-1604850074\" class=\"col medium-3 small-6 large-3\"  data-animate=\"flipInY\">\n\t\t\t\t<div class=\"col-inner\" style=\"background-color:rgb(255, 255, 255);\" >\n\t\t\t\n\t\t\t\n\n\t<div class=\"box has-hover   has-hover box-text-bottom\" >\n\n\t\t<div class=\"box-image\" >\n\t\t\t<a href=\"https:\/\/demo.7host.vn\/mylife\/thiet-ke-nha-o-thiet-ke-thi-cong-va-xin-phep\/\" >\t\t\t<div class=\"\" >\n\t\t\t\t<img loading=\"lazy\" decoding=\"async\" width=\"500\" height=\"500\" src=\"https:\/\/demo.7host.vn\/mylife\/wp-content\/uploads\/2023\/05\/nha-2-tang-mai-bang-3ee9.jpg\" class=\"attachment- size-\" alt=\"\" srcset=\"https:\/\/demo.7host.vn\/mylife\/wp-content\/uploads\/2023\/05\/nha-2-tang-mai-bang-3ee9.jpg 500w, https:\/\/demo.7host.vn\/mylife\/wp-content\/uploads\/2023\/05\/nha-2-tang-mai-bang-3ee9-400x400.jpg 400w, https:\/\/demo.7host.vn\/mylife\/wp-content\/uploads\/2023\/05\/nha-2-tang-mai-bang-3ee9-280x280.jpg 280w\" sizes=\"auto, (max-width: 500px) 100vw, 500px\" \/>\t\t\t\t\t\t\t\t\t\t\t<\/div>\n\t\t\t<\/a>\t\t<\/div>\n\n\t\t<div class=\"box-text text-center\" >\n\t\t\t<div class=\"box-text-inner\">\n\t\t\t\t\n\n\t<div id=\"text-465314825\" class=\"text\">\n\t\t\n\n<h4>Thi\u1ebft k\u1ebf nh\u00e0 \u1edf: Thi\u1ebft k\u1ebf thi c\u00f4ng v\u00e0 xin ph\u00e9p<\/h4>\n\t\t\n<style>\n#text-465314825 {\n  color: #017840;\n}\n#text-465314825 > * {\n  color: #017840;\n}\n<\/style>\n\t<\/div>\n\t\n\n\t\t\t<\/div>\n\t\t<\/div>\n\t<\/div>\n\t\n\n\t\t<\/div>\n\t\t\t\t\t<\/div>\n\n\t\n\n\t<div id=\"col-1969689166\" class=\"col medium-3 small-6 large-3\"  data-animate=\"flipInY\">\n\t\t\t\t<div class=\"col-inner\" style=\"background-color:rgb(255, 255, 255);\" >\n\t\t\t\n\t\t\t\n\n\t<div class=\"box has-hover   has-hover box-text-bottom\" >\n\n\t\t<div class=\"box-image\" >\n\t\t\t<a href=\"https:\/\/demo.7host.vn\/mylife\/tu-van-thiet-ke\/\" >\t\t\t<div class=\"\" >\n\t\t\t\t<img loading=\"lazy\" decoding=\"async\" width=\"500\" height=\"500\" src=\"https:\/\/demo.7host.vn\/mylife\/wp-content\/uploads\/2023\/05\/tham-dinh-su-an1.jpg\" class=\"attachment- size-\" alt=\"\" srcset=\"https:\/\/demo.7host.vn\/mylife\/wp-content\/uploads\/2023\/05\/tham-dinh-su-an1.jpg 500w, https:\/\/demo.7host.vn\/mylife\/wp-content\/uploads\/2023\/05\/tham-dinh-su-an1-400x400.jpg 400w, https:\/\/demo.7host.vn\/mylife\/wp-content\/uploads\/2023\/05\/tham-dinh-su-an1-280x280.jpg 280w\" sizes=\"auto, (max-width: 500px) 100vw, 500px\" \/>\t\t\t\t\t\t\t\t\t\t\t<\/div>\n\t\t\t<\/a>\t\t<\/div>\n\n\t\t<div class=\"box-text text-center\" >\n\t\t\t<div class=\"box-text-inner\">\n\t\t\t\t\n\n\t<div id=\"text-2954315496\" class=\"text\">\n\t\t\n\n<h4>T\u01b0 v\u1ea5n thi\u1ebft k\u1ebf<\/h4>\n\t\t\n<style>\n#text-2954315496 {\n  color: #017840;\n}\n#text-2954315496 > * {\n  color: #017840;\n}\n<\/style>\n\t<\/div>\n\t\n\n\t\t\t<\/div>\n\t\t<\/div>\n\t<\/div>\n\t\n\n\t\t<\/div>\n\t\t\t\t\t<\/div>\n\n\t\n\n\t<div id=\"col-274823638\" class=\"col medium-3 small-6 large-3\"  data-animate=\"flipInY\">\n\t\t\t\t<div class=\"col-inner\" style=\"background-color:rgb(255, 255, 255);\" >\n\t\t\t\n\t\t\t\n\n\t<div class=\"box has-hover   has-hover box-text-bottom\" >\n\n\t\t<div class=\"box-image\" >\n\t\t\t<a href=\"https:\/\/demo.7host.vn\/mylife\/thi-cong-xay-dung\/\" >\t\t\t<div class=\"\" >\n\t\t\t\t<img loading=\"lazy\" decoding=\"async\" width=\"500\" height=\"500\" src=\"https:\/\/demo.7host.vn\/mylife\/wp-content\/uploads\/2023\/05\/nha-thau-xay-dung-nha-tron-goi-o-da-lat.jpg\" class=\"attachment- size-\" alt=\"\" srcset=\"https:\/\/demo.7host.vn\/mylife\/wp-content\/uploads\/2023\/05\/nha-thau-xay-dung-nha-tron-goi-o-da-lat.jpg 500w, https:\/\/demo.7host.vn\/mylife\/wp-content\/uploads\/2023\/05\/nha-thau-xay-dung-nha-tron-goi-o-da-lat-400x400.jpg 400w, https:\/\/demo.7host.vn\/mylife\/wp-content\/uploads\/2023\/05\/nha-thau-xay-dung-nha-tron-goi-o-da-lat-280x280.jpg 280w\" sizes=\"auto, (max-width: 500px) 100vw, 500px\" \/>\t\t\t\t\t\t\t\t\t\t\t<\/div>\n\t\t\t<\/a>\t\t<\/div>\n\n\t\t<div class=\"box-text text-center\" >\n\t\t\t<div class=\"box-text-inner\">\n\t\t\t\t\n\n\t<div id=\"text-2331005858\" class=\"text\">\n\t\t\n\n<h4>Thi c\u00f4ng x\u00e2y d\u1ef1ng<\/h4>\n\t\t\n<style>\n#text-2331005858 {\n  color: #017840;\n}\n#text-2331005858 > * {\n  color: #017840;\n}\n<\/style>\n\t<\/div>\n\t\n\n\t\t\t<\/div>\n\t\t<\/div>\n\t<\/div>\n\t\n\n\t\t<\/div>\n\t\t\t\t\t<\/div>\n\n\t\n\n\t<div id=\"col-1982006830\" class=\"col medium-3 small-6 large-3\"  data-animate=\"flipInY\">\n\t\t\t\t<div class=\"col-inner\" style=\"background-color:rgb(255, 255, 255);\" >\n\t\t\t\n\t\t\t\n\n\t<div class=\"box has-hover   has-hover box-shadow-4 box-text-bottom\" >\n\n\t\t<div class=\"box-image\" >\n\t\t\t<a href=\"https:\/\/demo.7host.vn\/mylife\/ho-so-xin-cap-phep-xay-dung-hoan-cong-ra-so\/\" >\t\t\t<div class=\"image-cover\" style=\"padding-top:100%;\">\n\t\t\t\t<img loading=\"lazy\" decoding=\"async\" width=\"634\" height=\"558\" src=\"https:\/\/demo.7host.vn\/mylife\/wp-content\/uploads\/2023\/05\/7E2b2ccadd2d24737d3c.jpg\" class=\"attachment- size-\" alt=\"\" srcset=\"https:\/\/demo.7host.vn\/mylife\/wp-content\/uploads\/2023\/05\/7E2b2ccadd2d24737d3c.jpg 634w, https:\/\/demo.7host.vn\/mylife\/wp-content\/uploads\/2023\/05\/7E2b2ccadd2d24737d3c-454x400.jpg 454w\" sizes=\"auto, (max-width: 634px) 100vw, 634px\" \/>\t\t\t\t\t\t\t\t\t\t\t<\/div>\n\t\t\t<\/a>\t\t<\/div>\n\n\t\t<div class=\"box-text text-center\" >\n\t\t\t<div class=\"box-text-inner\">\n\t\t\t\t\n\n\t<div id=\"text-3001475164\" class=\"text\">\n\t\t\n\n<h4>H\u1ed3 s\u01a1 xin c\u1ea5p ph\u00e9p x\u00e2y d\u1ef1ng + Ho\u00e0n c\u00f4ng ra s\u1ed5 &amp; <\/h4>\n\t\t\n<style>\n#text-3001475164 {\n  color: #017840;\n}\n#text-3001475164 > * {\n  color: #017840;\n}\n<\/style>\n\t<\/div>\n\t\n\n\t\t\t<\/div>\n\t\t<\/div>\n\t<\/div>\n\t\n\n\t\t<\/div>\n\t\t\t\t\t<\/div>\n\n\t\n\n<\/div>\n\n\t\t<\/div>\n\n\t\t\n<style>\n#section_943296473 {\n  padding-top: 100px;\n  padding-bottom: 100px;\n  background-color: rgb(240, 240, 240);\n}\n#section_943296473 .ux-shape-divider--top svg {\n  height: 100px;\n  --divider-top-width: 100%;\n}\n<\/style>\n\t<\/section>\n\t\n\n","protected":false},"excerpt":{"rendered":"","protected":false},"author":1,"featured_media":0,"parent":0,"menu_order":0,"comment_status":"closed","ping_status":"closed","template":"page-transparent-header.php","meta":{"footnotes":""},"class_list":["post-28","page","type-page","status-publish","hentry"],"acf":[],"yoast_head":"<!-- This site is optimized with the Yoast SEO plugin v20.8 - https:\/\/yoast.com\/wordpress\/plugins\/seo\/ -->\n<title>M\u1eabu nh\u00e0 - My Life<\/title>\n<meta name=\"robots\" content=\"noindex, follow, max-snippet:-1, max-image-preview:large, max-video-preview:-1\" \/>\n<meta property=\"og:locale\" content=\"vi_VN\" \/>\n<meta property=\"og:type\" content=\"article\" \/>\n<meta property=\"og:title\" content=\"M\u1eabu nh\u00e0 - My Life\" \/>\n<meta property=\"og:url\" content=\"https:\/\/demo.7host.vn\/mylife\/mau-nha\/\" \/>\n<meta property=\"og:site_name\" content=\"My Life\" \/>\n<meta property=\"article:modified_time\" content=\"2023-05-22T15:43:36+00:00\" \/>\n<meta name=\"twitter:card\" content=\"summary_large_image\" \/>\n<script type=\"application\/ld+json\" class=\"yoast-schema-graph\">{\"@context\":\"https:\/\/schema.org\",\"@graph\":[{\"@type\":\"WebPage\",\"@id\":\"https:\/\/demo.7host.vn\/mylife\/mau-nha\/\",\"url\":\"https:\/\/demo.7host.vn\/mylife\/mau-nha\/\",\"name\":\"M\u1eabu nh\u00e0 - My Life\",\"isPartOf\":{\"@id\":\"https:\/\/demo.7host.vn\/mylife\/#website\"},\"datePublished\":\"2023-05-20T07:23:56+00:00\",\"dateModified\":\"2023-05-22T15:43:36+00:00\",\"breadcrumb\":{\"@id\":\"https:\/\/demo.7host.vn\/mylife\/mau-nha\/#breadcrumb\"},\"inLanguage\":\"vi\",\"potentialAction\":[{\"@type\":\"ReadAction\",\"target\":[\"https:\/\/demo.7host.vn\/mylife\/mau-nha\/\"]}]},{\"@type\":\"BreadcrumbList\",\"@id\":\"https:\/\/demo.7host.vn\/mylife\/mau-nha\/#breadcrumb\",\"itemListElement\":[{\"@type\":\"ListItem\",\"position\":1,\"name\":\"Trang ch\u1ee7\",\"item\":\"https:\/\/demo.7host.vn\/mylife\/\"},{\"@type\":\"ListItem\",\"position\":2,\"name\":\"M\u1eabu nh\u00e0\"}]},{\"@type\":\"WebSite\",\"@id\":\"https:\/\/demo.7host.vn\/mylife\/#website\",\"url\":\"https:\/\/demo.7host.vn\/mylife\/\",\"name\":\"My Life\",\"description\":\"Thi\u1ebft k\u1ebf thi c\u00f4ng x\u00e2y d\u1ef1ng\",\"potentialAction\":[{\"@type\":\"SearchAction\",\"target\":{\"@type\":\"EntryPoint\",\"urlTemplate\":\"https:\/\/demo.7host.vn\/mylife\/?s={search_term_string}\"},\"query-input\":\"required name=search_term_string\"}],\"inLanguage\":\"vi\"}]}<\/script>\n<!-- \/ Yoast SEO plugin. -->","yoast_head_json":{"title":"M\u1eabu nh\u00e0 - My Life","robots":{"index":"noindex","follow":"follow","max-snippet":"max-snippet:-1","max-image-preview":"max-image-preview:large","max-video-preview":"max-video-preview:-1"},"og_locale":"vi_VN","og_type":"article","og_title":"M\u1eabu nh\u00e0 - My Life","og_url":"https:\/\/demo.7host.vn\/mylife\/mau-nha\/","og_site_name":"My Life","article_modified_time":"2023-05-22T15:43:36+00:00","twitter_card":"summary_large_image","schema":{"@context":"https:\/\/schema.org","@graph":[{"@type":"WebPage","@id":"https:\/\/demo.7host.vn\/mylife\/mau-nha\/","url":"https:\/\/demo.7host.vn\/mylife\/mau-nha\/","name":"M\u1eabu nh\u00e0 - My Life","isPartOf":{"@id":"https:\/\/demo.7host.vn\/mylife\/#website"},"datePublished":"2023-05-20T07:23:56+00:00","dateModified":"2023-05-22T15:43:36+00:00","breadcrumb":{"@id":"https:\/\/demo.7host.vn\/mylife\/mau-nha\/#breadcrumb"},"inLanguage":"vi","potentialAction":[{"@type":"ReadAction","target":["https:\/\/demo.7host.vn\/mylife\/mau-nha\/"]}]},{"@type":"BreadcrumbList","@id":"https:\/\/demo.7host.vn\/mylife\/mau-nha\/#breadcrumb","itemListElement":[{"@type":"ListItem","position":1,"name":"Trang ch\u1ee7","item":"https:\/\/demo.7host.vn\/mylife\/"},{"@type":"ListItem","position":2,"name":"M\u1eabu nh\u00e0"}]},{"@type":"WebSite","@id":"https:\/\/demo.7host.vn\/mylife\/#website","url":"https:\/\/demo.7host.vn\/mylife\/","name":"My Life","description":"Thi\u1ebft k\u1ebf thi c\u00f4ng x\u00e2y d\u1ef1ng","potentialAction":[{"@type":"SearchAction","target":{"@type":"EntryPoint","urlTemplate":"https:\/\/demo.7host.vn\/mylife\/?s={search_term_string}"},"query-input":"required name=search_term_string"}],"inLanguage":"vi"}]}},"_links":{"self":[{"href":"https:\/\/demo.7host.vn\/mylife\/wp-json\/wp\/v2\/pages\/28","targetHints":{"allow":["GET"]}}],"collection":[{"href":"https:\/\/demo.7host.vn\/mylife\/wp-json\/wp\/v2\/pages"}],"about":[{"href":"https:\/\/demo.7host.vn\/mylife\/wp-json\/wp\/v2\/types\/page"}],"author":[{"embeddable":true,"href":"https:\/\/demo.7host.vn\/mylife\/wp-json\/wp\/v2\/users\/1"}],"replies":[{"embeddable":true,"href":"https:\/\/demo.7host.vn\/mylife\/wp-json\/wp\/v2\/comments?post=28"}],"version-history":[{"count":4,"href":"https:\/\/demo.7host.vn\/mylife\/wp-json\/wp\/v2\/pages\/28\/revisions"}],"predecessor-version":[{"id":212,"href":"https:\/\/demo.7host.vn\/mylife\/wp-json\/wp\/v2\/pages\/28\/revisions\/212"}],"wp:attachment":[{"href":"https:\/\/demo.7host.vn\/mylife\/wp-json\/wp\/v2\/media?parent=28"}],"curies":[{"name":"wp","href":"https:\/\/api.w.org\/{rel}","templated":true}]}}