{"id":31,"date":"2023-05-20T14:26:01","date_gmt":"2023-05-20T07:26:01","guid":{"rendered":"https:\/\/demo.7host.vn\/mylife\/?page_id=31"},"modified":"2023-05-22T22:00:38","modified_gmt":"2023-05-22T15:00:38","slug":"thiet-ke","status":"publish","type":"page","link":"https:\/\/demo.7host.vn\/mylife\/thiet-ke\/","title":{"rendered":"Thi\u1ebft k\u1ebf"},"content":{"rendered":"\n\t<section class=\"section\" id=\"section_1038098924\">\n\t\t<div class=\"bg section-bg fill bg-fill  \" >\n\n\t\t\t\n\t\t\t\n\t\t\t\n\n\t\t<\/div>\n\n\t\t\n\t<div class=\"ux-shape-divider ux-shape-divider--bottom ux-shape-divider--style-waves-opacity-2\">\n\t\t<svg viewBox=\"0 0 1000 300\" xmlns=\"http:\/\/www.w3.org\/2000\/svg\" preserveAspectRatio=\"none\">\n  <path class=\"ux-shape-fill\" opacity=\"0.15\" d=\"M0 299L-2 19.9998C153 -16.0002 308 155 413 184C515.64 212.35 562 152 645 153C725 154 787 206 874 233C939.54 253.34 975 248 1000 244.61V299H0Z\"\/>\n  <path class=\"ux-shape-fill\" opacity=\"0.3\" d=\"M0 300L-2 34C155 -9.00003 300 178 403 212C504.11 245.38 562 165 645 166C725 167 790.09 220.07 874 253C939.21 278.59 978.07 269.72 1000 263.61V300H0Z\"\/>\n  <path class=\"ux-shape-fill\" d=\"M0 300L-1 69.7099C216 56.9999 299.47 198.86 403 226C506 253 577 196 660 197C740 198 790.09 234.07 874 267C935.23 291 982 282.61 1000 277.61V300H0Z\"\/>\n<\/svg>\n\t<\/div>\n\n\t\t<div class=\"section-content relative\">\n\t\t\t\n\n<div class=\"row\"  id=\"row-1148446704\">\n\n\n\t<div id=\"col-760025530\" class=\"col small-12 large-12\"  data-animate=\"blurIn\">\n\t\t\t\t<div class=\"col-inner\"  >\n\t\t\t\n\t\t\t\n\n\t<div id=\"text-2441955610\" class=\"text svh-page-title\">\n\t\t\n\n<h1>Thi\u1ebft k\u1ebf<\/h1>\n\n\t\t\t<\/div>\n\t\n\n\t\t<\/div>\n\t\t\t\t\n<style>\n#col-760025530 > .col-inner {\n  padding: 50px 0px 0px 0px;\n}\n<\/style>\n\t<\/div>\n\n\t\n\n<\/div>\n\n\t\t<\/div>\n\n\t\t\n<style>\n#section_1038098924 {\n  padding-top: 30px;\n  padding-bottom: 30px;\n  min-height: 450px;\n}\n#section_1038098924 .section-bg.bg-loaded {\n  background-image: url(https:\/\/demo.7host.vn\/mylife\/wp-content\/uploads\/2023\/05\/architecture-featured-banner.jpg);\n}\n#section_1038098924 .ux-shape-divider--bottom svg {\n  height: 150px;\n  --divider-width: 100%;\n}\n<\/style>\n\t<\/section>\n\t\n\t<section class=\"section\" id=\"section_461823895\">\n\t\t<div class=\"bg section-bg fill bg-fill  bg-loaded\" >\n\n\t\t\t\n\t\t\t\n\t\t\t\n\n\t\t<\/div>\n\n\t\t\n\n\t\t<div class=\"section-content relative\">\n\t\t\t\n\n<div class=\"row align-middle\"  id=\"row-699780794\">\n\n\n\t<div id=\"col-1460901141\" class=\"col medium-5 small-12 large-5\"  data-animate=\"fadeInLeft\">\n\t\t\t\t<div class=\"col-inner\"  >\n\t\t\t\n\t\t\t\n\n\t<div class=\"img has-hover x md-x lg-x y md-y lg-y\" id=\"image_431193495\">\n\t\t\t\t\t\t\t\t<div class=\"img-inner dark\" >\n\t\t\t<img loading=\"lazy\" decoding=\"async\" width=\"483\" height=\"709\" src=\"https:\/\/demo.7host.vn\/mylife\/wp-content\/uploads\/2023\/05\/maucanho-3.jpg\" class=\"attachment-original size-original\" alt=\"\" srcset=\"https:\/\/demo.7host.vn\/mylife\/wp-content\/uploads\/2023\/05\/maucanho-3.jpg 483w, https:\/\/demo.7host.vn\/mylife\/wp-content\/uploads\/2023\/05\/maucanho-3-272x400.jpg 272w\" sizes=\"auto, (max-width: 483px) 100vw, 483px\" \/>\t\t\t\t\t\t\n\t\t\t\t\t<\/div>\n\t\t\t\t\t\t\t\t\n<style>\n#image_431193495 {\n  width: 100%;\n}\n<\/style>\n\t<\/div>\n\t\n\n\n\t\t<\/div>\n\t\t\t\t\t<\/div>\n\n\t\n\n\t<div id=\"col-847136641\" class=\"col medium-7 small-12 large-7\"  data-animate=\"fadeInRight\">\n\t\t\t\t<div class=\"col-inner\"  >\n\t\t\t\n\t\t\t\n\n\t<div id=\"text-1996388090\" class=\"text svh-content\">\n\t\t\n\n<p><strong>Nh\u01b0\u0303ng ba\u0309n thi\u00ea\u0301t k\u00ea\u0301 cu\u0309a MyLife lu\u00f4n h\u01b0\u01a1\u0301ng \u0111\u00ea\u0301n s\u01b0\u0323 ha\u0300i ho\u0300a v\u00ea\u0300 kh\u00f4ng gian s\u00f4\u0301ng, c\u00f4ng n\u0103ng \u0111\u00e2\u0300y \u0111u\u0309, v\u01b0\u0303ng ch\u0103\u0301c v\u00ea\u0300 k\u00ea\u0301t c\u00e2\u0301u va\u0300 ti\u00ea\u0301t ki\u00ea\u0323m chi phi\u0301 cho kh\u00e1ch h\u00e0ng.<\/strong><\/p>\n<p>\u0110\u00ea\u0309 co\u0301 m\u00f4\u0323t ba\u0309n ve\u0303 \u0111e\u0323p c\u00e2\u0300n co\u0301 s\u01b0\u0323 k\u00ea\u0301t h\u01a1\u0323p cu\u0309a 5 y\u00ea\u0301u t\u00f4\u0301 sau \u0111\u00e2y:<\/p>\n<ul>\n<li>Nhu c\u00e2\u0300u v\u00ea\u0300 kh\u00f4ng gian s\u00f4\u0301ng, di\u00ea\u0323n ti\u0301ch ca\u0301c pho\u0300ng, c\u00f4ng n\u0103ng s\u01b0\u0309 du\u0323ng cu\u0309a ca\u0301c thi\u00ea\u0301t bi\u0323.<\/li>\n<li>S\u01b0\u0323 phu\u0300 h\u01a1\u0323p chu\u00e2\u0309n m\u01b0\u0323c v\u00ea\u0300 phong thu\u0309y nh\u01b0ng kh\u00f4ng qua\u0301 r\u01b0\u01a1\u0300m ra\u0300.<\/li>\n<li>Y\u00eau c\u00e2\u0300u v\u00ea\u0300 quy hoa\u0323ch di\u00ea\u0323n ti\u0301ch \u0111\u00e2\u0301t, chi\u00ea\u0300u cao ca\u0301c t\u00e2\u0300ng, s\u00f4\u0301 t\u00e2\u0300ng \u0111\u01b0\u01a1\u0323c phe\u0301p x\u00e2y d\u01b0ng, m\u00e2\u0323t \u0111\u00f4\u0323 x\u00e2y d\u01b0\u0323ng, vi\u0323 tri\u0301 x\u00e2y d\u01b0\u0323ng\u2026<\/li>\n<li>Kinh phi\u0301 x\u00e2y d\u01b0\u0323ng cu\u0309a chu\u0309 \u0111\u00e2\u0300u t\u01b0 n\u0103\u0300m \u01a1\u0309 m\u01b0\u0301c na\u0300o.<\/li>\n<li>Tri\u0300nh \u0111\u00f4\u0323 chuy\u00ean m\u00f4n, s\u01b0\u0301c sa\u0301ng ta\u0323o cu\u0309a \u0111\u00f4\u0323i ngu\u0303 ki\u00ea\u0301n tru\u0301c s\u01b0, ky\u0303 s\u01b0 x\u00e2y d\u01b0\u0323ng.<\/li>\n<\/ul>\n<p>M\u1ed9t b\u1ea3n thi\u1ebft k\u1ebf c\u1ee7a MyLife c\u00f3 th\u1ec3 gi\u00fap kh\u00e1ch h\u00e0ng ti\u1ebft ki\u1ec7m chi ph\u00ed v\u00e0 th\u1eddi gian, t\u1ed1i \u01b0u di\u1ec7n t\u00edch v\u00e0 c\u00f4ng n\u0103ng s\u1eed d\u1ee5ng. Ch\u00fang t\u00f4i s\u1ebd h\u1ed7 tr\u1ee3 t\u01b0 v\u1ea5n thi\u1ebft k\u1ebf ngay t\u1eeb giai \u0111o\u1ea1n ban \u0111\u1ea7u, c\u00f9ng kh\u00e1ch h\u00e0ng \u0111\u01b0a ra c\u00e1c ph\u01b0\u01a1ng \u00e1n v\u1ec1 \u00fd t\u01b0\u1edfng, quy ho\u1ea1ch, m\u1eb7t b\u1eb1ng\u2026 gi\u00fap t\u1ed1i \u01b0u gi\u1ea3i ph\u00e1p thi c\u00f4ng.<\/p>\n\t\t\t<\/div>\n\t\n\n\t\t<\/div>\n\t\t\t\t\t<\/div>\n\n\t\n\n<\/div>\n\n\t\t<\/div>\n\n\t\t\n<style>\n#section_461823895 {\n  padding-top: 30px;\n  padding-bottom: 30px;\n}\n<\/style>\n\t<\/section>\n\t\n\n","protected":false},"excerpt":{"rendered":"","protected":false},"author":1,"featured_media":0,"parent":0,"menu_order":0,"comment_status":"closed","ping_status":"closed","template":"page-transparent-header.php","meta":{"footnotes":""},"class_list":["post-31","page","type-page","status-publish","hentry"],"acf":[],"yoast_head":"<!-- This site is optimized with the Yoast SEO plugin v20.8 - https:\/\/yoast.com\/wordpress\/plugins\/seo\/ -->\n<title>Thi\u1ebft k\u1ebf - My Life<\/title>\n<meta name=\"robots\" content=\"noindex, follow, max-snippet:-1, max-image-preview:large, max-video-preview:-1\" \/>\n<meta property=\"og:locale\" content=\"vi_VN\" \/>\n<meta property=\"og:type\" content=\"article\" \/>\n<meta property=\"og:title\" content=\"Thi\u1ebft k\u1ebf - My Life\" \/>\n<meta property=\"og:url\" content=\"https:\/\/demo.7host.vn\/mylife\/thiet-ke\/\" \/>\n<meta property=\"og:site_name\" content=\"My Life\" \/>\n<meta property=\"article:modified_time\" content=\"2023-05-22T15:00:38+00:00\" \/>\n<meta name=\"twitter:card\" content=\"summary_large_image\" \/>\n<script type=\"application\/ld+json\" class=\"yoast-schema-graph\">{\"@context\":\"https:\/\/schema.org\",\"@graph\":[{\"@type\":\"WebPage\",\"@id\":\"https:\/\/demo.7host.vn\/mylife\/thiet-ke\/\",\"url\":\"https:\/\/demo.7host.vn\/mylife\/thiet-ke\/\",\"name\":\"Thi\u1ebft k\u1ebf - My Life\",\"isPartOf\":{\"@id\":\"https:\/\/demo.7host.vn\/mylife\/#website\"},\"datePublished\":\"2023-05-20T07:26:01+00:00\",\"dateModified\":\"2023-05-22T15:00:38+00:00\",\"breadcrumb\":{\"@id\":\"https:\/\/demo.7host.vn\/mylife\/thiet-ke\/#breadcrumb\"},\"inLanguage\":\"vi\",\"potentialAction\":[{\"@type\":\"ReadAction\",\"target\":[\"https:\/\/demo.7host.vn\/mylife\/thiet-ke\/\"]}]},{\"@type\":\"BreadcrumbList\",\"@id\":\"https:\/\/demo.7host.vn\/mylife\/thiet-ke\/#breadcrumb\",\"itemListElement\":[{\"@type\":\"ListItem\",\"position\":1,\"name\":\"Trang ch\u1ee7\",\"item\":\"https:\/\/demo.7host.vn\/mylife\/\"},{\"@type\":\"ListItem\",\"position\":2,\"name\":\"Thi\u1ebft k\u1ebf\"}]},{\"@type\":\"WebSite\",\"@id\":\"https:\/\/demo.7host.vn\/mylife\/#website\",\"url\":\"https:\/\/demo.7host.vn\/mylife\/\",\"name\":\"My Life\",\"description\":\"Thi\u1ebft k\u1ebf thi c\u00f4ng x\u00e2y d\u1ef1ng\",\"potentialAction\":[{\"@type\":\"SearchAction\",\"target\":{\"@type\":\"EntryPoint\",\"urlTemplate\":\"https:\/\/demo.7host.vn\/mylife\/?s={search_term_string}\"},\"query-input\":\"required name=search_term_string\"}],\"inLanguage\":\"vi\"}]}<\/script>\n<!-- \/ Yoast SEO plugin. -->","yoast_head_json":{"title":"Thi\u1ebft k\u1ebf - My Life","robots":{"index":"noindex","follow":"follow","max-snippet":"max-snippet:-1","max-image-preview":"max-image-preview:large","max-video-preview":"max-video-preview:-1"},"og_locale":"vi_VN","og_type":"article","og_title":"Thi\u1ebft k\u1ebf - My Life","og_url":"https:\/\/demo.7host.vn\/mylife\/thiet-ke\/","og_site_name":"My Life","article_modified_time":"2023-05-22T15:00:38+00:00","twitter_card":"summary_large_image","schema":{"@context":"https:\/\/schema.org","@graph":[{"@type":"WebPage","@id":"https:\/\/demo.7host.vn\/mylife\/thiet-ke\/","url":"https:\/\/demo.7host.vn\/mylife\/thiet-ke\/","name":"Thi\u1ebft k\u1ebf - My Life","isPartOf":{"@id":"https:\/\/demo.7host.vn\/mylife\/#website"},"datePublished":"2023-05-20T07:26:01+00:00","dateModified":"2023-05-22T15:00:38+00:00","breadcrumb":{"@id":"https:\/\/demo.7host.vn\/mylife\/thiet-ke\/#breadcrumb"},"inLanguage":"vi","potentialAction":[{"@type":"ReadAction","target":["https:\/\/demo.7host.vn\/mylife\/thiet-ke\/"]}]},{"@type":"BreadcrumbList","@id":"https:\/\/demo.7host.vn\/mylife\/thiet-ke\/#breadcrumb","itemListElement":[{"@type":"ListItem","position":1,"name":"Trang ch\u1ee7","item":"https:\/\/demo.7host.vn\/mylife\/"},{"@type":"ListItem","position":2,"name":"Thi\u1ebft k\u1ebf"}]},{"@type":"WebSite","@id":"https:\/\/demo.7host.vn\/mylife\/#website","url":"https:\/\/demo.7host.vn\/mylife\/","name":"My Life","description":"Thi\u1ebft k\u1ebf thi c\u00f4ng x\u00e2y d\u1ef1ng","potentialAction":[{"@type":"SearchAction","target":{"@type":"EntryPoint","urlTemplate":"https:\/\/demo.7host.vn\/mylife\/?s={search_term_string}"},"query-input":"required name=search_term_string"}],"inLanguage":"vi"}]}},"_links":{"self":[{"href":"https:\/\/demo.7host.vn\/mylife\/wp-json\/wp\/v2\/pages\/31","targetHints":{"allow":["GET"]}}],"collection":[{"href":"https:\/\/demo.7host.vn\/mylife\/wp-json\/wp\/v2\/pages"}],"about":[{"href":"https:\/\/demo.7host.vn\/mylife\/wp-json\/wp\/v2\/types\/page"}],"author":[{"embeddable":true,"href":"https:\/\/demo.7host.vn\/mylife\/wp-json\/wp\/v2\/users\/1"}],"replies":[{"embeddable":true,"href":"https:\/\/demo.7host.vn\/mylife\/wp-json\/wp\/v2\/comments?post=31"}],"version-history":[{"count":4,"href":"https:\/\/demo.7host.vn\/mylife\/wp-json\/wp\/v2\/pages\/31\/revisions"}],"predecessor-version":[{"id":199,"href":"https:\/\/demo.7host.vn\/mylife\/wp-json\/wp\/v2\/pages\/31\/revisions\/199"}],"wp:attachment":[{"href":"https:\/\/demo.7host.vn\/mylife\/wp-json\/wp\/v2\/media?parent=31"}],"curies":[{"name":"wp","href":"https:\/\/api.w.org\/{rel}","templated":true}]}}