{"id":35,"date":"2023-05-20T14:28:02","date_gmt":"2023-05-20T07:28:02","guid":{"rendered":"https:\/\/demo.7host.vn\/mylife\/?page_id=35"},"modified":"2023-05-22T22:39:37","modified_gmt":"2023-05-22T15:39:37","slug":"thiet-ke-nha-o-thiet-ke-thi-cong-va-xin-phep","status":"publish","type":"page","link":"https:\/\/demo.7host.vn\/mylife\/thiet-ke-nha-o-thiet-ke-thi-cong-va-xin-phep\/","title":{"rendered":"Thi\u1ebft k\u1ebf nh\u00e0 \u1edf: thi\u1ebft k\u1ebf thi c\u00f4ng v\u00e0 xin ph\u00e9p"},"content":{"rendered":"\n\t<section class=\"section\" id=\"section_1542798448\">\n\t\t<div class=\"bg section-bg fill bg-fill  \" >\n\n\t\t\t\n\t\t\t\n\t\t\t\n\n\t\t<\/div>\n\n\t\t\n\t<div class=\"ux-shape-divider ux-shape-divider--bottom ux-shape-divider--style-waves-opacity-2\">\n\t\t<svg viewBox=\"0 0 1000 300\" xmlns=\"http:\/\/www.w3.org\/2000\/svg\" preserveAspectRatio=\"none\">\n  <path class=\"ux-shape-fill\" opacity=\"0.15\" d=\"M0 299L-2 19.9998C153 -16.0002 308 155 413 184C515.64 212.35 562 152 645 153C725 154 787 206 874 233C939.54 253.34 975 248 1000 244.61V299H0Z\"\/>\n  <path class=\"ux-shape-fill\" opacity=\"0.3\" d=\"M0 300L-2 34C155 -9.00003 300 178 403 212C504.11 245.38 562 165 645 166C725 167 790.09 220.07 874 253C939.21 278.59 978.07 269.72 1000 263.61V300H0Z\"\/>\n  <path class=\"ux-shape-fill\" d=\"M0 300L-1 69.7099C216 56.9999 299.47 198.86 403 226C506 253 577 196 660 197C740 198 790.09 234.07 874 267C935.23 291 982 282.61 1000 277.61V300H0Z\"\/>\n<\/svg>\n\t<\/div>\n\n\t\t<div class=\"section-content relative\">\n\t\t\t\n\n<div class=\"row\"  id=\"row-1171030175\">\n\n\n\t<div id=\"col-789482819\" class=\"col small-12 large-12\"  data-animate=\"blurIn\">\n\t\t\t\t<div class=\"col-inner\"  >\n\t\t\t\n\t\t\t\n\n\t<div id=\"text-1380068951\" class=\"text svh-page-title\">\n\t\t\n\n<h1>Thi\u1ebft k\u1ebf nh\u00e0 \u1edf: thi\u1ebft k\u1ebf thi c\u00f4ng v\u00e0 xin ph\u00e9p<\/h1>\n\t\t\t<\/div>\n\t\n\n\t\t<\/div>\n\t\t\t\t\n<style>\n#col-789482819 > .col-inner {\n  padding: 50px 0px 0px 0px;\n}\n<\/style>\n\t<\/div>\n\n\t\n\n<\/div>\n\n\t\t<\/div>\n\n\t\t\n<style>\n#section_1542798448 {\n  padding-top: 30px;\n  padding-bottom: 30px;\n  min-height: 450px;\n}\n#section_1542798448 .section-bg.bg-loaded {\n  background-image: url(https:\/\/demo.7host.vn\/mylife\/wp-content\/uploads\/2023\/05\/architecture-featured-banner.jpg);\n}\n#section_1542798448 .ux-shape-divider--bottom svg {\n  height: 150px;\n  --divider-width: 100%;\n}\n<\/style>\n\t<\/section>\n\t\n\t<section class=\"section\" id=\"section_40032888\">\n\t\t<div class=\"bg section-bg fill bg-fill  bg-loaded\" >\n\n\t\t\t\n\t\t\t\n\t\t\t\n\n\t\t<\/div>\n\n\t\t\n\n\t\t<div class=\"section-content relative\">\n\t\t\t\n\n<div class=\"row\"  id=\"row-1626460031\">\n\n\n\t<div id=\"col-304169388\" class=\"col small-12 large-12\"  >\n\t\t\t\t<div class=\"col-inner\"  >\n\t\t\t\n\t\t\t\n\n<p>\u0110\u1ec3 hi\u1ec7n th\u1ef1c ng\u00f4i nh\u00e0 l\u00fd t\u01b0\u1edfng th\u00ec vi\u1ec7c \u0111\u1ea7u ti\u00ean b\u1ea1n c\u1ea7n ngh\u0129 \u0111\u1ebfn \u0111\u00f3 l\u00e0 t\u00ecm m\u1ed9t \u0111\u01a1n v\u1ecb chuy\u00ean thi\u1ebft k\u1ebf thi c\u00f4ng, thi\u1ebft k\u1ebf xin ph\u00e9p uy t\u00edn v\u00e0 chuy\u00ean nghi\u1ec7p. MyLife s\u1ebd gi\u00fap kh\u00e1ch h\u00e0ng \u0111\u01b0a ng\u00f4i nh\u00e0 trong m\u01a1 ra kh\u1ecfi b\u1ea3n v\u1ebd.<\/p>\n<p><img loading=\"lazy\" decoding=\"async\" class=\"aligncenter wp-image-170 size-full\" src=\"https:\/\/demo.7host.vn\/mylife\/wp-content\/uploads\/2023\/05\/220420210902216d9b34d44564.jpg\" alt=\"\" width=\"1200\" height=\"1200\" srcset=\"https:\/\/demo.7host.vn\/mylife\/wp-content\/uploads\/2023\/05\/220420210902216d9b34d44564.jpg 1200w, https:\/\/demo.7host.vn\/mylife\/wp-content\/uploads\/2023\/05\/220420210902216d9b34d44564-400x400.jpg 400w, https:\/\/demo.7host.vn\/mylife\/wp-content\/uploads\/2023\/05\/220420210902216d9b34d44564-800x800.jpg 800w, https:\/\/demo.7host.vn\/mylife\/wp-content\/uploads\/2023\/05\/220420210902216d9b34d44564-280x280.jpg 280w, https:\/\/demo.7host.vn\/mylife\/wp-content\/uploads\/2023\/05\/220420210902216d9b34d44564-768x768.jpg 768w\" sizes=\"auto, (max-width: 1200px) 100vw, 1200px\" \/><\/p>\n<p>Ch\u00fang t\u00f4i s\u1ebd thay kh\u00e1ch h\u00e0ng \u0111\u1ea3m nh\u1eadn c\u00f4ng vi\u1ec7c trong t\u1ea5t c\u1ea3 c\u00e1c c\u00f4ng \u0111o\u1ea1n x\u00e2y d\u1ef1ng t\u1eeb thi\u1ebft k\u1ebf thi c\u00f4ng, thi\u1ebft k\u1ebf xin ph\u00e9p \u0111\u1ebfn thi c\u00f4ng v\u00e0 ho\u00e0n thi\u1ec7n. Kh\u00e1ch h\u00e0ng c\u00f3 th\u1ec3 y\u00ean t\u00e2m, d\u00e0nh th\u1eddi gian cho c\u00f4ng vi\u1ec7c chuy\u00ean m\u00f4n c\u1ee7a m\u00ecnh m\u00e0 v\u1eabn ho\u00e0n to\u00e0n c\u00f3 th\u1ec3 s\u1edf h\u1eefu kh\u00f4ng gian s\u1ed1ng nh\u01b0 \u00fd.<\/p>\n<p>\u0110\u1ebfn v\u1edbi MyLife kh\u00e1ch h\u00e0ng s\u1ebd nh\u1eadn \u0111\u01b0\u1ee3c nh\u1eefng s\u1ea3n ph\u1ea9m ho\u00e0n thi\u1ec7n c\u0169ng nh\u01b0 nh\u1eefng g\u1ee3i \u00fd, t\u01b0 v\u1ea5n h\u1eefu \u00edch v\u1ec1 chuy\u00ean m\u00f4n t\u1eeb \u0111\u1ed9i ng\u0169 nh\u00e2n vi\u00ean thi\u1ebft k\u1ebf.<\/p>\n<p><img loading=\"lazy\" decoding=\"async\" class=\"alignnone size-full wp-image-171\" src=\"https:\/\/demo.7host.vn\/mylife\/wp-content\/uploads\/2023\/05\/220420210903046d9b34d466.jpg\" alt=\"\" width=\"1200\" height=\"1200\" srcset=\"https:\/\/demo.7host.vn\/mylife\/wp-content\/uploads\/2023\/05\/220420210903046d9b34d466.jpg 1200w, https:\/\/demo.7host.vn\/mylife\/wp-content\/uploads\/2023\/05\/220420210903046d9b34d466-400x400.jpg 400w, https:\/\/demo.7host.vn\/mylife\/wp-content\/uploads\/2023\/05\/220420210903046d9b34d466-800x800.jpg 800w, https:\/\/demo.7host.vn\/mylife\/wp-content\/uploads\/2023\/05\/220420210903046d9b34d466-280x280.jpg 280w, https:\/\/demo.7host.vn\/mylife\/wp-content\/uploads\/2023\/05\/220420210903046d9b34d466-768x768.jpg 768w\" sizes=\"auto, (max-width: 1200px) 100vw, 1200px\" \/><\/p>\n\n\t\t<\/div>\n\t\t\t\t\t<\/div>\n\n\t\n\n<\/div>\n\n\t\t<\/div>\n\n\t\t\n<style>\n#section_40032888 {\n  padding-top: 30px;\n  padding-bottom: 30px;\n}\n<\/style>\n\t<\/section>\n\t\n\t<section class=\"section\" id=\"section_1829709474\">\n\t\t<div class=\"bg section-bg fill bg-fill  bg-loaded\" >\n\n\t\t\t\n\t\t\t\n\t\t\t\n\n\t\t<\/div>\n\n\t\t\t<div class=\"ux-shape-divider ux-shape-divider--top ux-shape-divider--style-fan\">\n\t\t<svg viewBox=\"0 0 1000 100\" xmlns=\"http:\/\/www.w3.org\/2000\/svg\" preserveAspectRatio=\"none\">\n  <path class=\"ux-shape-fill\" d=\"M500 50L1067.25 102.5H-67.2466L500 50Z\"\/>\n  <path class=\"ux-shape-fill\" opacity=\"0.15\" d=\"M1011 2.70583L500 50.0001L-12 2.61328V105H1011V2.70583Z\"\/>\n  <path class=\"ux-shape-fill\" opacity=\"0.3\" d=\"M-13 50H1010V105H-13V50Z\"\/>\n<\/svg>\n\t<\/div>\n\n\n\t\t<div class=\"section-content relative\">\n\t\t\t\n\n<div class=\"row\"  id=\"row-853782242\">\n\n\n\t<div id=\"col-1088373293\" class=\"col small-12 large-12\"  >\n\t\t\t\t<div class=\"col-inner\"  >\n\t\t\t\n\t\t\t\n\n\t<div id=\"text-125080760\" class=\"text svh-section-title\">\n\t\t\n\n<h2>My Life cung c\u1ea5p c\u00e1c d\u1ecbch v\u1ee5 x\u00e2y d\u1ef1ng nh\u00e0 \u1edf sau<\/h2>\n\t\t\n<style>\n#text-125080760 {\n  text-align: center;\n}\n<\/style>\n\t<\/div>\n\t\n<div class=\"text-center\"><div class=\"is-divider divider clearfix\" style=\"max-width:150px;background-color:rgb(1, 120, 64);\"><\/div><\/div>\n\n\n\t\t<\/div>\n\t\t\t\t\t<\/div>\n\n\t\n\n<\/div>\n<div class=\"row align-equal row-box-shadow-1 row-box-shadow-1-hover\"  id=\"row-1190751163\">\n\n\n\t<div id=\"col-1826140843\" class=\"col medium-3 small-6 large-3\"  data-animate=\"flipInY\">\n\t\t\t\t<div class=\"col-inner\" style=\"background-color:rgb(255, 255, 255);\" >\n\t\t\t\n\t\t\t\n\n\t<div class=\"box has-hover   has-hover box-text-bottom\" >\n\n\t\t<div class=\"box-image\" >\n\t\t\t<a href=\"https:\/\/demo.7host.vn\/mylife\/thiet-ke-nha-o-thiet-ke-thi-cong-va-xin-phep\/\" >\t\t\t<div class=\"\" >\n\t\t\t\t<img loading=\"lazy\" decoding=\"async\" width=\"500\" height=\"500\" src=\"https:\/\/demo.7host.vn\/mylife\/wp-content\/uploads\/2023\/05\/nha-2-tang-mai-bang-3ee9.jpg\" class=\"attachment- size-\" alt=\"\" srcset=\"https:\/\/demo.7host.vn\/mylife\/wp-content\/uploads\/2023\/05\/nha-2-tang-mai-bang-3ee9.jpg 500w, https:\/\/demo.7host.vn\/mylife\/wp-content\/uploads\/2023\/05\/nha-2-tang-mai-bang-3ee9-400x400.jpg 400w, https:\/\/demo.7host.vn\/mylife\/wp-content\/uploads\/2023\/05\/nha-2-tang-mai-bang-3ee9-280x280.jpg 280w\" sizes=\"auto, (max-width: 500px) 100vw, 500px\" \/>\t\t\t\t\t\t\t\t\t\t\t<\/div>\n\t\t\t<\/a>\t\t<\/div>\n\n\t\t<div class=\"box-text text-center\" >\n\t\t\t<div class=\"box-text-inner\">\n\t\t\t\t\n\n\t<div id=\"text-2868903877\" class=\"text\">\n\t\t\n\n<h4>Thi\u1ebft k\u1ebf nh\u00e0 \u1edf: Thi\u1ebft k\u1ebf thi c\u00f4ng v\u00e0 xin ph\u00e9p<\/h4>\n\t\t\n<style>\n#text-2868903877 {\n  color: #017840;\n}\n#text-2868903877 > * {\n  color: #017840;\n}\n<\/style>\n\t<\/div>\n\t\n\n\t\t\t<\/div>\n\t\t<\/div>\n\t<\/div>\n\t\n\n\t\t<\/div>\n\t\t\t\t\t<\/div>\n\n\t\n\n\t<div id=\"col-1739002366\" class=\"col medium-3 small-6 large-3\"  data-animate=\"flipInY\">\n\t\t\t\t<div class=\"col-inner\" style=\"background-color:rgb(255, 255, 255);\" >\n\t\t\t\n\t\t\t\n\n\t<div class=\"box has-hover   has-hover box-text-bottom\" >\n\n\t\t<div class=\"box-image\" >\n\t\t\t<a href=\"https:\/\/demo.7host.vn\/mylife\/tu-van-thiet-ke\/\" >\t\t\t<div class=\"\" >\n\t\t\t\t<img loading=\"lazy\" decoding=\"async\" width=\"500\" height=\"500\" src=\"https:\/\/demo.7host.vn\/mylife\/wp-content\/uploads\/2023\/05\/tham-dinh-su-an1.jpg\" class=\"attachment- size-\" alt=\"\" srcset=\"https:\/\/demo.7host.vn\/mylife\/wp-content\/uploads\/2023\/05\/tham-dinh-su-an1.jpg 500w, https:\/\/demo.7host.vn\/mylife\/wp-content\/uploads\/2023\/05\/tham-dinh-su-an1-400x400.jpg 400w, https:\/\/demo.7host.vn\/mylife\/wp-content\/uploads\/2023\/05\/tham-dinh-su-an1-280x280.jpg 280w\" sizes=\"auto, (max-width: 500px) 100vw, 500px\" \/>\t\t\t\t\t\t\t\t\t\t\t<\/div>\n\t\t\t<\/a>\t\t<\/div>\n\n\t\t<div class=\"box-text text-center\" >\n\t\t\t<div class=\"box-text-inner\">\n\t\t\t\t\n\n\t<div id=\"text-3343949634\" class=\"text\">\n\t\t\n\n<h4>T\u01b0 v\u1ea5n thi\u1ebft k\u1ebf<\/h4>\n\t\t\n<style>\n#text-3343949634 {\n  color: #017840;\n}\n#text-3343949634 > * {\n  color: #017840;\n}\n<\/style>\n\t<\/div>\n\t\n\n\t\t\t<\/div>\n\t\t<\/div>\n\t<\/div>\n\t\n\n\t\t<\/div>\n\t\t\t\t\t<\/div>\n\n\t\n\n\t<div id=\"col-1094239559\" class=\"col medium-3 small-6 large-3\"  data-animate=\"flipInY\">\n\t\t\t\t<div class=\"col-inner\" style=\"background-color:rgb(255, 255, 255);\" >\n\t\t\t\n\t\t\t\n\n\t<div class=\"box has-hover   has-hover box-text-bottom\" >\n\n\t\t<div class=\"box-image\" >\n\t\t\t<a href=\"https:\/\/demo.7host.vn\/mylife\/thi-cong-xay-dung\/\" >\t\t\t<div class=\"\" >\n\t\t\t\t<img loading=\"lazy\" decoding=\"async\" width=\"500\" height=\"500\" src=\"https:\/\/demo.7host.vn\/mylife\/wp-content\/uploads\/2023\/05\/nha-thau-xay-dung-nha-tron-goi-o-da-lat.jpg\" class=\"attachment- size-\" alt=\"\" srcset=\"https:\/\/demo.7host.vn\/mylife\/wp-content\/uploads\/2023\/05\/nha-thau-xay-dung-nha-tron-goi-o-da-lat.jpg 500w, https:\/\/demo.7host.vn\/mylife\/wp-content\/uploads\/2023\/05\/nha-thau-xay-dung-nha-tron-goi-o-da-lat-400x400.jpg 400w, https:\/\/demo.7host.vn\/mylife\/wp-content\/uploads\/2023\/05\/nha-thau-xay-dung-nha-tron-goi-o-da-lat-280x280.jpg 280w\" sizes=\"auto, (max-width: 500px) 100vw, 500px\" \/>\t\t\t\t\t\t\t\t\t\t\t<\/div>\n\t\t\t<\/a>\t\t<\/div>\n\n\t\t<div class=\"box-text text-center\" >\n\t\t\t<div class=\"box-text-inner\">\n\t\t\t\t\n\n\t<div id=\"text-3917748952\" class=\"text\">\n\t\t\n\n<h4>Thi c\u00f4ng x\u00e2y d\u1ef1ng<\/h4>\n\t\t\n<style>\n#text-3917748952 {\n  color: #017840;\n}\n#text-3917748952 > * {\n  color: #017840;\n}\n<\/style>\n\t<\/div>\n\t\n\n\t\t\t<\/div>\n\t\t<\/div>\n\t<\/div>\n\t\n\n\t\t<\/div>\n\t\t\t\t\t<\/div>\n\n\t\n\n\t<div id=\"col-1330040748\" class=\"col medium-3 small-6 large-3\"  data-animate=\"flipInY\">\n\t\t\t\t<div class=\"col-inner\" style=\"background-color:rgb(255, 255, 255);\" >\n\t\t\t\n\t\t\t\n\n\t<div class=\"box has-hover   has-hover box-text-bottom\" >\n\n\t\t<div class=\"box-image\" >\n\t\t\t<a href=\"https:\/\/demo.7host.vn\/mylife\/ho-so-xin-cap-phep-xay-dung-hoan-cong-ra-so\/\" >\t\t\t<div class=\"image-cover\" style=\"padding-top:100%;\">\n\t\t\t\t<img loading=\"lazy\" decoding=\"async\" width=\"634\" height=\"558\" src=\"https:\/\/demo.7host.vn\/mylife\/wp-content\/uploads\/2023\/05\/7E2b2ccadd2d24737d3c.jpg\" class=\"attachment- size-\" alt=\"\" srcset=\"https:\/\/demo.7host.vn\/mylife\/wp-content\/uploads\/2023\/05\/7E2b2ccadd2d24737d3c.jpg 634w, https:\/\/demo.7host.vn\/mylife\/wp-content\/uploads\/2023\/05\/7E2b2ccadd2d24737d3c-454x400.jpg 454w\" sizes=\"auto, (max-width: 634px) 100vw, 634px\" \/>\t\t\t\t\t\t\t\t\t\t\t<\/div>\n\t\t\t<\/a>\t\t<\/div>\n\n\t\t<div class=\"box-text text-center\" >\n\t\t\t<div class=\"box-text-inner\">\n\t\t\t\t\n\n\t<div id=\"text-346203345\" class=\"text\">\n\t\t\n\n<h4>H\u1ed3 s\u01a1 xin c\u1ea5p ph\u00e9p x\u00e2y d\u1ef1ng + Ho\u00e0n c\u00f4ng ra s\u1ed5 &amp; <\/h4>\n\t\t\n<style>\n#text-346203345 {\n  color: #017840;\n}\n#text-346203345 > * {\n  color: #017840;\n}\n<\/style>\n\t<\/div>\n\t\n\n\t\t\t<\/div>\n\t\t<\/div>\n\t<\/div>\n\t\n\n\t\t<\/div>\n\t\t\t\t\t<\/div>\n\n\t\n\n<\/div>\n\n\t\t<\/div>\n\n\t\t\n<style>\n#section_1829709474 {\n  padding-top: 100px;\n  padding-bottom: 100px;\n  background-color: rgb(240, 240, 240);\n}\n#section_1829709474 .ux-shape-divider--top svg {\n  height: 100px;\n  --divider-top-width: 100%;\n}\n<\/style>\n\t<\/section>\n\t\n\n","protected":false},"excerpt":{"rendered":"","protected":false},"author":1,"featured_media":0,"parent":0,"menu_order":0,"comment_status":"closed","ping_status":"closed","template":"page-transparent-header.php","meta":{"footnotes":""},"class_list":["post-35","page","type-page","status-publish","hentry"],"acf":[],"yoast_head":"<!-- This site is optimized with the Yoast SEO plugin v20.8 - https:\/\/yoast.com\/wordpress\/plugins\/seo\/ -->\n<title>Thi\u1ebft k\u1ebf nh\u00e0 \u1edf: thi\u1ebft k\u1ebf thi c\u00f4ng v\u00e0 xin ph\u00e9p - My Life<\/title>\n<meta name=\"robots\" content=\"noindex, follow, max-snippet:-1, max-image-preview:large, max-video-preview:-1\" \/>\n<meta property=\"og:locale\" content=\"vi_VN\" \/>\n<meta property=\"og:type\" content=\"article\" \/>\n<meta property=\"og:title\" content=\"Thi\u1ebft k\u1ebf nh\u00e0 \u1edf: thi\u1ebft k\u1ebf thi c\u00f4ng v\u00e0 xin ph\u00e9p - My Life\" \/>\n<meta property=\"og:url\" content=\"https:\/\/demo.7host.vn\/mylife\/thiet-ke-nha-o-thiet-ke-thi-cong-va-xin-phep\/\" \/>\n<meta property=\"og:site_name\" content=\"My Life\" \/>\n<meta property=\"article:modified_time\" content=\"2023-05-22T15:39:37+00:00\" \/>\n<meta property=\"og:image\" content=\"https:\/\/demo.7host.vn\/mylife\/wp-content\/uploads\/2023\/05\/220420210902216d9b34d44564.jpg\" \/>\n<meta name=\"twitter:card\" content=\"summary_large_image\" \/>\n<script type=\"application\/ld+json\" class=\"yoast-schema-graph\">{\"@context\":\"https:\/\/schema.org\",\"@graph\":[{\"@type\":\"WebPage\",\"@id\":\"https:\/\/demo.7host.vn\/mylife\/thiet-ke-nha-o-thiet-ke-thi-cong-va-xin-phep\/\",\"url\":\"https:\/\/demo.7host.vn\/mylife\/thiet-ke-nha-o-thiet-ke-thi-cong-va-xin-phep\/\",\"name\":\"Thi\u1ebft k\u1ebf nh\u00e0 \u1edf: thi\u1ebft k\u1ebf thi c\u00f4ng v\u00e0 xin ph\u00e9p - My Life\",\"isPartOf\":{\"@id\":\"https:\/\/demo.7host.vn\/mylife\/#website\"},\"datePublished\":\"2023-05-20T07:28:02+00:00\",\"dateModified\":\"2023-05-22T15:39:37+00:00\",\"breadcrumb\":{\"@id\":\"https:\/\/demo.7host.vn\/mylife\/thiet-ke-nha-o-thiet-ke-thi-cong-va-xin-phep\/#breadcrumb\"},\"inLanguage\":\"vi\",\"potentialAction\":[{\"@type\":\"ReadAction\",\"target\":[\"https:\/\/demo.7host.vn\/mylife\/thiet-ke-nha-o-thiet-ke-thi-cong-va-xin-phep\/\"]}]},{\"@type\":\"BreadcrumbList\",\"@id\":\"https:\/\/demo.7host.vn\/mylife\/thiet-ke-nha-o-thiet-ke-thi-cong-va-xin-phep\/#breadcrumb\",\"itemListElement\":[{\"@type\":\"ListItem\",\"position\":1,\"name\":\"Trang ch\u1ee7\",\"item\":\"https:\/\/demo.7host.vn\/mylife\/\"},{\"@type\":\"ListItem\",\"position\":2,\"name\":\"Thi\u1ebft k\u1ebf nh\u00e0 \u1edf: thi\u1ebft k\u1ebf thi c\u00f4ng v\u00e0 xin ph\u00e9p\"}]},{\"@type\":\"WebSite\",\"@id\":\"https:\/\/demo.7host.vn\/mylife\/#website\",\"url\":\"https:\/\/demo.7host.vn\/mylife\/\",\"name\":\"My Life\",\"description\":\"Thi\u1ebft k\u1ebf thi c\u00f4ng x\u00e2y d\u1ef1ng\",\"potentialAction\":[{\"@type\":\"SearchAction\",\"target\":{\"@type\":\"EntryPoint\",\"urlTemplate\":\"https:\/\/demo.7host.vn\/mylife\/?s={search_term_string}\"},\"query-input\":\"required name=search_term_string\"}],\"inLanguage\":\"vi\"}]}<\/script>\n<!-- \/ Yoast SEO plugin. -->","yoast_head_json":{"title":"Thi\u1ebft k\u1ebf nh\u00e0 \u1edf: thi\u1ebft k\u1ebf thi c\u00f4ng v\u00e0 xin ph\u00e9p - My Life","robots":{"index":"noindex","follow":"follow","max-snippet":"max-snippet:-1","max-image-preview":"max-image-preview:large","max-video-preview":"max-video-preview:-1"},"og_locale":"vi_VN","og_type":"article","og_title":"Thi\u1ebft k\u1ebf nh\u00e0 \u1edf: thi\u1ebft k\u1ebf thi c\u00f4ng v\u00e0 xin ph\u00e9p - My Life","og_url":"https:\/\/demo.7host.vn\/mylife\/thiet-ke-nha-o-thiet-ke-thi-cong-va-xin-phep\/","og_site_name":"My Life","article_modified_time":"2023-05-22T15:39:37+00:00","og_image":[{"url":"https:\/\/demo.7host.vn\/mylife\/wp-content\/uploads\/2023\/05\/220420210902216d9b34d44564.jpg"}],"twitter_card":"summary_large_image","schema":{"@context":"https:\/\/schema.org","@graph":[{"@type":"WebPage","@id":"https:\/\/demo.7host.vn\/mylife\/thiet-ke-nha-o-thiet-ke-thi-cong-va-xin-phep\/","url":"https:\/\/demo.7host.vn\/mylife\/thiet-ke-nha-o-thiet-ke-thi-cong-va-xin-phep\/","name":"Thi\u1ebft k\u1ebf nh\u00e0 \u1edf: thi\u1ebft k\u1ebf thi c\u00f4ng v\u00e0 xin ph\u00e9p - My Life","isPartOf":{"@id":"https:\/\/demo.7host.vn\/mylife\/#website"},"datePublished":"2023-05-20T07:28:02+00:00","dateModified":"2023-05-22T15:39:37+00:00","breadcrumb":{"@id":"https:\/\/demo.7host.vn\/mylife\/thiet-ke-nha-o-thiet-ke-thi-cong-va-xin-phep\/#breadcrumb"},"inLanguage":"vi","potentialAction":[{"@type":"ReadAction","target":["https:\/\/demo.7host.vn\/mylife\/thiet-ke-nha-o-thiet-ke-thi-cong-va-xin-phep\/"]}]},{"@type":"BreadcrumbList","@id":"https:\/\/demo.7host.vn\/mylife\/thiet-ke-nha-o-thiet-ke-thi-cong-va-xin-phep\/#breadcrumb","itemListElement":[{"@type":"ListItem","position":1,"name":"Trang ch\u1ee7","item":"https:\/\/demo.7host.vn\/mylife\/"},{"@type":"ListItem","position":2,"name":"Thi\u1ebft k\u1ebf nh\u00e0 \u1edf: thi\u1ebft k\u1ebf thi c\u00f4ng v\u00e0 xin ph\u00e9p"}]},{"@type":"WebSite","@id":"https:\/\/demo.7host.vn\/mylife\/#website","url":"https:\/\/demo.7host.vn\/mylife\/","name":"My Life","description":"Thi\u1ebft k\u1ebf thi c\u00f4ng x\u00e2y d\u1ef1ng","potentialAction":[{"@type":"SearchAction","target":{"@type":"EntryPoint","urlTemplate":"https:\/\/demo.7host.vn\/mylife\/?s={search_term_string}"},"query-input":"required name=search_term_string"}],"inLanguage":"vi"}]}},"_links":{"self":[{"href":"https:\/\/demo.7host.vn\/mylife\/wp-json\/wp\/v2\/pages\/35","targetHints":{"allow":["GET"]}}],"collection":[{"href":"https:\/\/demo.7host.vn\/mylife\/wp-json\/wp\/v2\/pages"}],"about":[{"href":"https:\/\/demo.7host.vn\/mylife\/wp-json\/wp\/v2\/types\/page"}],"author":[{"embeddable":true,"href":"https:\/\/demo.7host.vn\/mylife\/wp-json\/wp\/v2\/users\/1"}],"replies":[{"embeddable":true,"href":"https:\/\/demo.7host.vn\/mylife\/wp-json\/wp\/v2\/comments?post=35"}],"version-history":[{"count":6,"href":"https:\/\/demo.7host.vn\/mylife\/wp-json\/wp\/v2\/pages\/35\/revisions"}],"predecessor-version":[{"id":207,"href":"https:\/\/demo.7host.vn\/mylife\/wp-json\/wp\/v2\/pages\/35\/revisions\/207"}],"wp:attachment":[{"href":"https:\/\/demo.7host.vn\/mylife\/wp-json\/wp\/v2\/media?parent=35"}],"curies":[{"name":"wp","href":"https:\/\/api.w.org\/{rel}","templated":true}]}}